{"id":9104,"date":"2025-04-06T10:55:41","date_gmt":"2025-04-06T09:55:41","guid":{"rendered":"https:\/\/campanella-champagne.fr\/?page_id=9104"},"modified":"2025-04-06T11:08:46","modified_gmt":"2025-04-06T10:08:46","slug":"association-a-coeur-joie","status":"publish","type":"page","link":"https:\/\/campanella-champagne.fr\/?page_id=9104","title":{"rendered":"Association \u00ab\u00a0A C\u0153ur Joie\u00a0\u00bb"},"content":{"rendered":"\n<p><strong>Son objectif<\/strong> : partager la passion du chant avec des personnes de tous niveaux et de tous \u00e2ges, anim\u00e9es par l\u2019envie de chanter ensemble et de partager leurs exp\u00e9riences<\/p>\n\n\n\n<p><strong>Une r\u00e9f\u00e9rence&nbsp;<\/strong> : Plus de 60 ans d\u2019exp\u00e9rience, une trentaine d\u2019antennes en r\u00e9gion, 500 chorales, une vingtaine de salari\u00e9s, 15000 adh\u00e9rents en France.<\/p>\n\n\n\n<p><strong>Un acc\u00e8s \u00e0 de nombreux outils<\/strong> : Acc\u00e8s aux activit\u00e9s propos\u00e9es par l\u2019association : vacances musicales, semaines chantantes, sessions de formations\u2026Mise \u00e0 disposition d\u2019un carnet d\u2019adresses de formateurs nationaux et internationaux donnant \u00e0 tous les membres la possibilit\u00e9 de se perfectionner<\/p>\n\n\n\n<p><strong>Un fond d\u2019\u0153uvres exceptionnel<\/strong> : Premier \u00e9diteur fran\u00e7ais de musique chorale depuis 1976 ; un catalogue de 4500 titres.<\/p>\n\n\n\n<p><strong>Les Choralies, un rendez-vous incontournable depuis 60 ans<\/strong> :<br>Rassemblement tous les 3 ans de plus de 4000 choristes venus du monde entier<br>\u25cf Rencontres d\u2019amateurs et de professionnels<br>\u25cf Une quarantaine d\u2019ateliers anim\u00e9s sur 8 jours<br>\u25cf Une centaine de concerts<\/p>\n\n\n\n<h3 class=\"wp-block-heading\">Informations ACJ Rh\u00f4ne<\/h3>\n\n\n\n<p><strong>Pr\u00e9sidente ACJ Rh\u00f4ne<\/strong> : \u00c9lisabeth Derderian<br><strong>Pr\u00e9sident ACJ Auvergne-Rh\u00f4ne-Alpes<\/strong> : Michel Bonnet<\/p>\n\n\n\n<h3 class=\"wp-block-heading\">Quelques adresses utiles :<\/h3>\n\n\n\n<p>Le site Internet de ACJ Rh\u00f4ne : <a href=\"http:\/\/www.acjrhone.com\/\">http:\/\/www.acjrhone.com\/<\/a><\/p>\n\n\n\n<p>Association \u00c0 C\u0153ur Joie : <a href=\"http:\/\/www.choralies.org\/\">http:\/\/www.choralies.org\/<br><\/a>Page Facebook Association \u00c0 C\u0153ur Joie : <a href=\"http:\/\/www.facebook.com\/acoeurjoie.choralies\">http:\/\/www.facebook.com\/acoeurjoie.choralies<\/a><\/p>\n\n\n\n<p>Ch\u0153ur National des Jeunes \u00c0 C\u0153ur Joie : <a href=\"http:\/\/www.choeurnationaldesjeunes.fr\/\">http:\/\/www.choeurnationaldesjeunes.fr\/<\/a><\/p>\n\n\n\n<p>\u00c9ditions \u00c0 C\u0153ur Joie : <a href=\"http:\/\/www.editionsacoeurjoie.com\/\">http:\/\/www.editionsacoeurjoie.com\/<br><\/a>Page Facebook \u00c9ditions \u00c0 C\u0153ur Joie : <a href=\"http:\/\/www.facebook.com\/editionsacoeurjoie\">http:\/\/www.facebook.com\/editionsacoeurjoie<\/a><\/p>\n\n\n\n<p>Festival Choralies : <a href=\"http:\/\/www.choralies.fr\/\">http:\/\/www.choralies.fr\/<\/a><br>Page Facebook festival Choralies : <a href=\"http:\/\/www.facebook.com\/choralies.vaisonlaromaine\">http:\/\/www.facebook.com\/choralies.vaisonlaromaine<\/a><\/p>\n","protected":false},"excerpt":{"rendered":"<p>Son objectif : partager la passion du chant avec des personnes de tous niveaux et de tous \u00e2ges, anim\u00e9es par l\u2019envie de chanter ensemble et de partager leurs exp\u00e9riences Une [&hellip;]<\/p>\n","protected":false},"author":1,"featured_media":0,"parent":0,"menu_order":0,"comment_status":"closed","ping_status":"closed","template":"","meta":{"footnotes":""},"class_list":["post-9104","page","type-page","status-publish","czr-hentry"],"_links":{"self":[{"href":"https:\/\/campanella-champagne.fr\/index.php?rest_route=\/wp\/v2\/pages\/9104","targetHints":{"allow":["GET"]}}],"collection":[{"href":"https:\/\/campanella-champagne.fr\/index.php?rest_route=\/wp\/v2\/pages"}],"about":[{"href":"https:\/\/campanella-champagne.fr\/index.php?rest_route=\/wp\/v2\/types\/page"}],"author":[{"embeddable":true,"href":"https:\/\/campanella-champagne.fr\/index.php?rest_route=\/wp\/v2\/users\/1"}],"replies":[{"embeddable":true,"href":"https:\/\/campanella-champagne.fr\/index.php?rest_route=%2Fwp%2Fv2%2Fcomments&post=9104"}],"version-history":[{"count":3,"href":"https:\/\/campanella-champagne.fr\/index.php?rest_route=\/wp\/v2\/pages\/9104\/revisions"}],"predecessor-version":[{"id":9109,"href":"https:\/\/campanella-champagne.fr\/index.php?rest_route=\/wp\/v2\/pages\/9104\/revisions\/9109"}],"wp:attachment":[{"href":"https:\/\/campanella-champagne.fr\/index.php?rest_route=%2Fwp%2Fv2%2Fmedia&parent=9104"}],"curies":[{"name":"wp","href":"https:\/\/api.w.org\/{rel}","templated":true}]}}