{"id":386,"date":"2015-04-26T14:51:22","date_gmt":"2015-04-26T13:51:22","guid":{"rendered":"http:\/\/campanella-champagne.fr\/?page_id=386"},"modified":"2018-01-26T16:22:27","modified_gmt":"2018-01-26T15:22:27","slug":"jean-pierre-devin","status":"publish","type":"page","link":"https:\/\/campanella-champagne.fr\/?page_id=386","title":{"rendered":"Jean Pierre DEVIN"},"content":{"rendered":"<p style=\"text-align: center;\"><strong>\u00a0\u00a0\u00a0\u00a0\u00a0\u00a0\u00a0\u00a0\u00a0\u00a0\u00a0\u00a0\u00a0\u00a0\u00a0\u00a0\u00a0\u00a0 <\/strong><strong><a href=\"https:\/\/campanella-champagne.fr\/wp-content\/uploads\/2015\/04\/392A8128-Small.jpg\"><img loading=\"lazy\" decoding=\"async\" class=\" wp-image-289 alignright\" src=\"https:\/\/campanella-champagne.fr\/wp-content\/uploads\/2015\/04\/392A8128-Small-300x131.jpg\" alt=\"392A8128 (Small)\" width=\"341\" height=\"149\" srcset=\"https:\/\/campanella-champagne.fr\/wp-content\/uploads\/2015\/04\/392A8128-Small-300x131.jpg 300w, https:\/\/campanella-champagne.fr\/wp-content\/uploads\/2015\/04\/392A8128-Small.jpg 470w\" sizes=\"auto, (max-width: 341px) 100vw, 341px\" \/><\/a><\/strong><\/p>\n<p>&nbsp;<\/p>\n<p>&nbsp;<\/p>\n<p>&nbsp;<\/p>\n<p><span style=\"color: #ff0000;\"><strong>Formation \u00e0 la Direction de ch\u0153ur<\/strong><\/span><\/p>\n<ul>\n<li>2001\u00a0: Stage de Direction de ch\u0153ur, 3\u00b0 \u00e9tape A C\u0153ur Joie, Lyon \u2013 Instructeur\u00a0: R\u00e9gine Th\u00e9odoresco<\/li>\n<li>1980\u00a0: Initiation \u00e0 l\u2019harmonie avec Jacques Fombonne<\/li>\n<li>1979 \u00e0 2000\u00a0: Plusieurs sessions de Direction de ch\u0153ur avec\u00a0: Florent Stroesser\u00a0; Claire-Marie Mille\u00a0; R\u00e9gine Th\u00e9odoresco\u00a0; Bernard Spizzi\u00a0; Emmanuel Magat<\/li>\n<li>1977\u00a0: Stage de Direction de ch\u0153ur Niveau 2 ACJ, Voiron \u2013 Formateurs\u00a0: Philippe Caillard, Jacques Fombonne<\/li>\n<li>1971 : Solf\u00e8ge, stage ACJ &#8211; Dole<\/li>\n<li>1970\u00a0: Stage de Direction de ch\u0153ur, Niveau 1 ACJ, Goutelas \u2013 Formateurs\u00a0: Andr\u00e9 Garreau, Vicky Lombroso, Jacques V\u00e9rot, Damien Verdin<\/li>\n<\/ul>\n<p><span style=\"color: #ff0000;\"><strong>Cursus musical<\/strong><\/span><br \/>\nR\u00e9pertoire vari\u00e9, \u0153uvres avec petits ensembles instrumentaux\u00a0:<\/p>\n<ul>\n<li>Magnificat (Buxtehude)<\/li>\n<li>Lobe den Herren\u00a0; Sumite psalmum (H. Sch\u00fctz)<\/li>\n<li>Jephte (G. Carissimi)<\/li>\n<li>Carmina Burana (C. Orff)<\/li>\n<li>Psaume XVIII (Marcello)<\/li>\n<li>Crucifixus (A. Lotti)<\/li>\n<li>\u2026<\/li>\n<\/ul>\n<ul>\n<li>Depuis 2011 : Chef de ch\u0153ur de ARPEGIETTO &#8211; Lyon Gerland<\/li>\n<li>Depuis 2008\u00a0: Chef de ch\u0153ur de CAMPANELLA \u2013 Chorale ACJ Champagne au Mont d\u2019Or<\/li>\n<li>Depuis 1999\u00a0: Chef de ch\u0153ur de PLEINS JEUX \u2013 Chorale ACJ Lyon 8\u00b0<\/li>\n<li>Depuis 1989 : Choriste \u00e0 l\u2019Ensemble Vocal Heinrich Sch\u00fctz &#8211;\u00a0 Ch\u0153ur des pays de Savoie &#8211; Direction Gonzalo Martinez<\/li>\n<li>1996-1998\u00a0: Choriste \u00e0 la chorale Franco-allemande de Paris \u2013 Direction Bernard Lallement<\/li>\n<li>1979-1996\u00a0: Chef de ch\u0153ur de BARCAROLLE \u2013 Chorale ACJ Annecy<\/li>\n<li>1971-1973\u00a0: Chef de ch\u0153ur \/ Fondateur Chorale ARPEGE \u2013 ACJ Lyon<\/li>\n<li>1965-1975\u00a0: Choriste \u00e0 A CAPELLA \u2013 ACJ Lyon \u2013 Dir. Marcel Corneloup<\/li>\n<li>1960-1962\u00a0: Chanteur \u00e0 LA CIGALE DE LYON \u2013 ACJ \u2013 Dir. Christian Wagner<\/li>\n<\/ul>\n<p><span style=\"color: #ff0000;\"><strong>Autres responsabilit\u00e9s musicales et associatives<\/strong><\/span><\/p>\n<ul>\n<li>Depuis 2012\u00a0: Secr\u00e9taire du P\u00f4le ACJ Auvergne-Rh\u00f4ne-Alpes<\/li>\n<li>2000-2013 : Vice Pr\u00e9sident du CA national d\u2019ACJ-France, charg\u00e9 de la communication<\/li>\n<li>Mars 2000-Novembre 2007\u00a0: Pr\u00e9sident de la r\u00e9gion ACJ du Lyonnais \u2013 F\u00e9d\u00e9ration du Rh\u00f4ne et Responsable du \u00ab\u00a0Forum des chefs de ch\u0153ur\u00a0\u00bb aux XVII\u00b0 et XVIII\u00b0 Choralies<\/li>\n<li>1992-2001\u00a0: Pr\u00e9sident de l\u2019AIEM (Association Intercommunale pour l\u2019Enseignement Musical)-Chavanod (74)<\/li>\n<li>1979-2000\u00a0: Pr\u00e9sident de la r\u00e9gion ACJ Savoie-L\u00e9man, F\u00e9d\u00e9ration de Haute-Savoie<\/li>\n<li>1979-1997 : D\u00e9l\u00e9gu\u00e9 musical r\u00e9gional ACJ Savoie-L\u00e9man<\/li>\n<\/ul>\n<p><strong>Jean-Pierre Devin est m\u00e9daill\u00e9 de la Jeunesse, des Sports et de la Vie Associative, \u00e9chelon bronze en 2007 et argent 2012.<\/strong><\/p>\n","protected":false},"excerpt":{"rendered":"<p>\u00a0\u00a0\u00a0\u00a0\u00a0\u00a0\u00a0\u00a0\u00a0\u00a0\u00a0\u00a0\u00a0\u00a0\u00a0\u00a0\u00a0\u00a0 &nbsp; &nbsp; &nbsp; Formation \u00e0 la Direction de ch\u0153ur 2001\u00a0: Stage de Direction de ch\u0153ur, 3\u00b0 \u00e9tape A C\u0153ur Joie, Lyon \u2013 Instructeur\u00a0: R\u00e9gine Th\u00e9odoresco 1980\u00a0: Initiation \u00e0 l\u2019harmonie [&hellip;]<\/p>\n","protected":false},"author":7,"featured_media":0,"parent":0,"menu_order":0,"comment_status":"closed","ping_status":"closed","template":"","meta":{"footnotes":""},"class_list":["post-386","page","type-page","status-publish","czr-hentry"],"_links":{"self":[{"href":"https:\/\/campanella-champagne.fr\/index.php?rest_route=\/wp\/v2\/pages\/386","targetHints":{"allow":["GET"]}}],"collection":[{"href":"https:\/\/campanella-champagne.fr\/index.php?rest_route=\/wp\/v2\/pages"}],"about":[{"href":"https:\/\/campanella-champagne.fr\/index.php?rest_route=\/wp\/v2\/types\/page"}],"author":[{"embeddable":true,"href":"https:\/\/campanella-champagne.fr\/index.php?rest_route=\/wp\/v2\/users\/7"}],"replies":[{"embeddable":true,"href":"https:\/\/campanella-champagne.fr\/index.php?rest_route=%2Fwp%2Fv2%2Fcomments&post=386"}],"version-history":[{"count":10,"href":"https:\/\/campanella-champagne.fr\/index.php?rest_route=\/wp\/v2\/pages\/386\/revisions"}],"predecessor-version":[{"id":4179,"href":"https:\/\/campanella-champagne.fr\/index.php?rest_route=\/wp\/v2\/pages\/386\/revisions\/4179"}],"wp:attachment":[{"href":"https:\/\/campanella-champagne.fr\/index.php?rest_route=%2Fwp%2Fv2%2Fmedia&parent=386"}],"curies":[{"name":"wp","href":"https:\/\/api.w.org\/{rel}","templated":true}]}}