{"id":3517,"date":"2017-03-29T17:01:35","date_gmt":"2017-03-29T16:01:35","guid":{"rendered":"http:\/\/campanella-champagne.fr\/?page_id=3517"},"modified":"2019-10-12T17:51:17","modified_gmt":"2019-10-12T16:51:17","slug":"le-temps-des-cerises-2","status":"publish","type":"page","link":"https:\/\/campanella-champagne.fr\/?page_id=3517","title":{"rendered":"Le temps des cerises"},"content":{"rendered":"<p><strong>Pi\u00e8ces de th\u00e9\u00e2tre, films, roman, maison d&rsquo;\u00e9dition, marque de v\u00eatements&#8230;ont emprunt\u00e9 le titre de cette chanson intemporelle. Hymne des communards et des ouvriers, cette chanson traduit aussi une certaine joie gourmande associ\u00e9e aux vertiges et aux affres de l&rsquo;amour.<\/strong><\/p>\n<p style=\"text-align: right;\"><a href=\"https:\/\/campanella-champagne.fr\/?page_id=3512\"><strong>Retour \u00e0 la liste<\/strong><\/a><\/p>\n","protected":false},"excerpt":{"rendered":"<p>Pi\u00e8ces de th\u00e9\u00e2tre, films, roman, maison d&rsquo;\u00e9dition, marque de v\u00eatements&#8230;ont emprunt\u00e9 le titre de cette chanson intemporelle. Hymne des communards et des ouvriers, cette chanson traduit aussi une certaine joie [&hellip;]<\/p>\n","protected":false},"author":5,"featured_media":0,"parent":0,"menu_order":0,"comment_status":"closed","ping_status":"closed","template":"","meta":{"footnotes":""},"class_list":["post-3517","page","type-page","status-publish","czr-hentry"],"_links":{"self":[{"href":"https:\/\/campanella-champagne.fr\/index.php?rest_route=\/wp\/v2\/pages\/3517","targetHints":{"allow":["GET"]}}],"collection":[{"href":"https:\/\/campanella-champagne.fr\/index.php?rest_route=\/wp\/v2\/pages"}],"about":[{"href":"https:\/\/campanella-champagne.fr\/index.php?rest_route=\/wp\/v2\/types\/page"}],"author":[{"embeddable":true,"href":"https:\/\/campanella-champagne.fr\/index.php?rest_route=\/wp\/v2\/users\/5"}],"replies":[{"embeddable":true,"href":"https:\/\/campanella-champagne.fr\/index.php?rest_route=%2Fwp%2Fv2%2Fcomments&post=3517"}],"version-history":[{"count":2,"href":"https:\/\/campanella-champagne.fr\/index.php?rest_route=\/wp\/v2\/pages\/3517\/revisions"}],"predecessor-version":[{"id":5528,"href":"https:\/\/campanella-champagne.fr\/index.php?rest_route=\/wp\/v2\/pages\/3517\/revisions\/5528"}],"wp:attachment":[{"href":"https:\/\/campanella-champagne.fr\/index.php?rest_route=%2Fwp%2Fv2%2Fmedia&parent=3517"}],"curies":[{"name":"wp","href":"https:\/\/api.w.org\/{rel}","templated":true}]}}