{"id":3513,"date":"2017-03-29T16:58:36","date_gmt":"2017-03-29T15:58:36","guid":{"rendered":"http:\/\/campanella-champagne.fr\/?page_id=3513"},"modified":"2019-10-12T17:45:13","modified_gmt":"2019-10-12T16:45:13","slug":"leau-vive","status":"publish","type":"page","link":"https:\/\/campanella-champagne.fr\/?page_id=3513","title":{"rendered":"L&rsquo;eau vive"},"content":{"rendered":"<p><strong>Parmi les ritournelles po\u00e9tiques et musicales \u00e9crites pas Guy BEART,\u00a0\u00ab L&rsquo;eau vive\u00a0\u00bb est probablement la plus c\u00e9l\u00e8bre. Po\u00e9sie et chanson se marient avec bonheur chez cet artiste amoureux de la vie.<\/strong><\/p>\n<p style=\"text-align: right;\"><a href=\"https:\/\/campanella-champagne.fr\/?page_id=3512\"><strong>Retour \u00e0 la liste<\/strong><\/a><\/p>\n","protected":false},"excerpt":{"rendered":"<p>Parmi les ritournelles po\u00e9tiques et musicales \u00e9crites pas Guy BEART,\u00a0\u00ab L&rsquo;eau vive\u00a0\u00bb est probablement la plus c\u00e9l\u00e8bre. Po\u00e9sie et chanson se marient avec bonheur chez cet artiste amoureux de la [&hellip;]<\/p>\n","protected":false},"author":5,"featured_media":0,"parent":0,"menu_order":0,"comment_status":"closed","ping_status":"closed","template":"","meta":{"footnotes":""},"class_list":["post-3513","page","type-page","status-publish","czr-hentry"],"_links":{"self":[{"href":"https:\/\/campanella-champagne.fr\/index.php?rest_route=\/wp\/v2\/pages\/3513","targetHints":{"allow":["GET"]}}],"collection":[{"href":"https:\/\/campanella-champagne.fr\/index.php?rest_route=\/wp\/v2\/pages"}],"about":[{"href":"https:\/\/campanella-champagne.fr\/index.php?rest_route=\/wp\/v2\/types\/page"}],"author":[{"embeddable":true,"href":"https:\/\/campanella-champagne.fr\/index.php?rest_route=\/wp\/v2\/users\/5"}],"replies":[{"embeddable":true,"href":"https:\/\/campanella-champagne.fr\/index.php?rest_route=%2Fwp%2Fv2%2Fcomments&post=3513"}],"version-history":[{"count":3,"href":"https:\/\/campanella-champagne.fr\/index.php?rest_route=\/wp\/v2\/pages\/3513\/revisions"}],"predecessor-version":[{"id":5524,"href":"https:\/\/campanella-champagne.fr\/index.php?rest_route=\/wp\/v2\/pages\/3513\/revisions\/5524"}],"wp:attachment":[{"href":"https:\/\/campanella-champagne.fr\/index.php?rest_route=%2Fwp%2Fv2%2Fmedia&parent=3513"}],"curies":[{"name":"wp","href":"https:\/\/api.w.org\/{rel}","templated":true}]}}