{"id":3512,"date":"2018-01-25T15:41:43","date_gmt":"2018-01-25T14:41:43","guid":{"rendered":"http:\/\/campanella-champagne.fr\/?page_id=3512"},"modified":"2026-01-19T14:59:08","modified_gmt":"2026-01-19T13:59:08","slug":"repertoire-des-annees-precedentes","status":"publish","type":"page","link":"https:\/\/campanella-champagne.fr\/?page_id=3512","title":{"rendered":"R\u00e9pertoire de la chorale"},"content":{"rendered":"<h3 style=\"text-align: center;\"><span style=\"color: #993300;\"><strong>Vous pouvez \u00e9couter une version \u00ab\u00a0YouTube\u00a0\u00bb des interpr\u00e9tations de diverses chorales en cliquant sur les titres en bleu.<\/strong><\/span><\/h3>\n<h3 style=\"text-align: center;\"><span style=\"color: #ff0000;\"><strong>Mais, attention \u00e0 la pub ! Dans certains cas l&rsquo;enregistrement d\u00e9bute par une pub qui peut \u00eatre assez longue ! Dans ce cas cliquez sur un enregistrement dans la colonne de droite, il d\u00e9marre imm\u00e9diatement<br \/>\n<\/strong><\/span><\/h3>\n<h3 style=\"text-align: center;\"><span style=\"color: #339966;\"><strong>Pour les chants enregistr\u00e9s par Campanella, allez \u00e0 la rubrique<\/strong><\/span>\u00a0<a href=\"https:\/\/campanella-champagne.fr\/?page_id=1066\">\u00ab\u00a0Ecoutez-nous\u00a0\u00bb<\/a>.<\/h3>\n<h4><strong><a href=\"https:\/\/www.youtube.com\/watch?v=EpjcSFNj4BQ\">AIMER A PERDRE LA RAISON<\/a> &#8211; Musique J. Ferrat, Harmonisation : B.Lallemant (<a href=\"https:\/\/campanella-champagne.fr\/?page_id=3502\">Info<\/a>)<br \/>\n<a href=\"https:\/\/www.youtube.com\/watch?v=_qvMJr8COq4\">ALLELUIA<\/a> &#8211; Willian Boyce<br \/>\nALORS QUE MON COEUR S&rsquo;ENGAGE &#8211; P. Bonnet<br \/>\n<\/strong><a href=\"https:\/\/www.youtube.com\/watch?v=H3nNzD31WK0\">ALTA TRINITA BEATA<\/a> &#8211; Anonyme XV\u00e8me s. (<a href=\"https:\/\/campanella-champagne.fr\/?page_id=2138\">Info<\/a>)<br \/>\nAMAZING GRACE &#8211; Bernard Lallement<br \/>\nAMIS SUR CETTE TERRE &#8211;<br \/>\n<a href=\"https:\/\/www.youtube.com\/watch?v=-OBkHxfPmSw\">AU-DEL\u00c0 DES C\u00c8DRES<\/a> &#8211; Bernard Lallement<br \/>\n<a href=\"https:\/\/www.youtube.com\/watch?v=vLmI94ColMI\">AU NOM DES ENFANTS<\/a> \u2013 Sur musique d\u2019Antonin Dvorak. (<a href=\"https:\/\/campanella-champagne.fr\/?page_id=1282\">Info<\/a>)<br \/>\n<a href=\"https:\/\/www.youtube.com\/watch?v=Sn6L_rXBQgE\">AUDITE SILETE<\/a> \u2013 Michael Praetorius<br \/>\n<strong><a href=\"https:\/\/www.youtube.com\/watch?v=P2rRhGANWis\">AU JOLI BOIS<\/a> &#8211; Claudin de Sermisy\u00a0<\/strong>(1495-1562)\u00a0 (<a href=\"https:\/\/campanella-champagne.fr\/?page_id=2121\">Info<\/a>)<br \/>\n<a href=\"https:\/\/www.youtube.com\/watch?v=d9V-zUlrhEE\">AUX CHAMPS-\u00c9LYS\u00c9ES<\/a> &#8211; Herm. Pierre Calmelet<br \/>\n<strong><a href=\"https:\/\/www.youtube.com\/watch?v=4mBJIbQHTHY\">AVE MARIA<\/a> &#8211; Giulio Caccini (<a href=\"https:\/\/campanella-champagne.fr\/?page_id=1045\">Info<\/a>)<br \/>\n<\/strong>AVE MARIA &#8211; J. Gallus\u00a0 (<a href=\"https:\/\/campanella-champagne.fr\/?page_id=3502\">Info<\/a>)<br \/>\n<strong><a href=\"https:\/\/www.youtube.com\/watch?v=tfmOa6rROXI\">AVE MARIA<\/a> \u2013 Rossini<br \/>\n<\/strong><strong><a href=\"https:\/\/www.youtube.com\/watch?v=jmFFYZID4rg\">AVE MARIS STELLA<\/a> &#8211; Edvard Grieg<br \/>\n<a href=\"https:\/\/www.youtube.com\/watch?v=wHjWnjvnFCM\">AVE VERUM<\/a> -Liszt<br \/>\n<a href=\"https:\/\/www.youtube.com\/watch?v=x1XjWrmbrF4&amp;list=RDx1XjWrmbrF4&amp;start_radio=1\">AVE VERUM<\/a><a href=\"https:\/\/www.youtube.com\/watch?v=x1XjWrmbrF4&amp;list=RDx1XjWrmbrF4&amp;start_radio=1\"> CORPUS NATUM<\/a> &#8211; C. Saint-Sa\u00ebns<br \/>\n<\/strong><strong><a href=\"https:\/\/www.youtube.com\/watch?feature=player_detailpage&amp;v=-ldZGTeGyE8\">AY LIDA AMIGA<\/a> &#8211; Anonyme espagnol XVI\u00e8me s. (<a href=\"https:\/\/campanella-champagne.fr\/?page_id=1305\">Info<\/a>)<br \/>\n<\/strong><strong>BACCHUS ET GAMBRINUS- Micha\u00ebl Praetotius (1571-1621)\u00a0 (<a href=\"https:\/\/campanella-champagne.fr\/?page_id=2452\">Info<\/a>)<br \/>\n<\/strong><strong><a href=\"https:\/\/www.youtube.com\/watch?v=dFNOcyr05Ig\">BARCAROLLE<\/a><em> &#8211; <\/em>Jacques Offenbach, Arrangement Pierre Calmelet.<br \/>\n<a href=\"https:\/\/www.youtube.com\/watch?v=D5oev8QnXyQ\">BENIA CALASTORIA<\/a> &#8211; Bepi de Marzi<br \/>\n<\/strong>BERCEUSE POLONAISE \u2013 No\u00ebl \u2013 Harm. Jean Bouvard<br \/>\n<a href=\"https:\/\/www.youtube.com\/watch?v=xW0QbUC0cEU\">BOGORODITSE DEVO<\/a> &#8211; Rachmaninov<br \/>\n<strong>BUVONS, OUI BUVONS &#8211; Xavier B\u00e9raud<br \/>\n<a href=\"https:\/\/www.youtube.com\/watch?v=pdRC2SmbB1A\">CALME DES NUITS<\/a> &#8211; C. Saint-Sa\u00ebns<br \/>\n<\/strong><a href=\"https:\/\/www.youtube.com\/watch?v=mPY1hU8Cgj4\"><strong>CANTATE LIBERT\u00c9<\/strong><\/a> \u2013 L. Calmel<em>\u00a0 <\/em>(<a href=\"https:\/\/campanella-champagne.fr\/?page_id=1031\">Info<\/a>)<br \/>\n<strong>CANTEN\u00a0, SE\u00d1ORES CANTORES &#8211; restitution\u00a0: Nestor ZADOFF <\/strong><a href=\"https:\/\/www.youtube.com\/watch?v=0vki5GGFdyo\">CANTICORUM JUBILO<\/a> \u2013 Haendel<br \/>\n<strong><a href=\"https:\/\/www.youtube.com\/watch?v=77Z-WdfC6KM\">CANTIQUE DE JEAN RACINE<\/a> &#8211; Gabriel Faur\u00e9<br \/>\n<\/strong>C&rsquo;EST BEAU LA VIE &#8211; Jean Ferrat \/ Harm. M. Desroches<br \/>\nC&rsquo;ETAIT DEDANS UN PETIT BOIS &#8211; E. Daniel<br \/>\nCHANSON ESPAGNOLE &#8211; Harm. Jean Bouvard<\/h4>\n<h4>CHANTS CROATES<\/h4>\n<ul>\n<li><a href=\"https:\/\/www.youtube.com\/watch?v=scxtwnhQjd4\">DREMLE MI SE, DREMLE<\/a><\/li>\n<li><a href=\"https:\/\/www.youtube.com\/watch?v=IafcK3AYYmA\">MOJA DIRIDIKA<\/a><\/li>\n<li><a href=\"https:\/\/www.youtube.com\/watch?v=jEcYBlhsQYc\">SEJAJ BAJZULEK<\/a><\/li>\n<li><a href=\"https:\/\/www.youtube.com\/watch?v=g0c6mCyhtm8\">SLAVONSKA POSKOCICA<\/a><\/li>\n<li><a href=\"https:\/\/www.youtube.com\/watch?v=QHBEb5WlC4U\">VUPREM OCI<\/a><\/li>\n<\/ul>\n<p><strong><a href=\"https:\/\/www.youtube.com\/watch?v=nuns6AypDj0\">CHE GUSTO E MAI QUESTO<\/a><br \/>\n<a href=\"https:\/\/youtu.be\/RQ-bWVJnV-8\">CHORAL : ACH GR\u00d6SSER K\u00d6NIG\u00a0 &#8211; JS Bach \/ Passion selon St Jean<\/a><br \/>\n<a href=\"https:\/\/www.youtube.com\/watch?v=4Pf_dlmi1o0\">COHORS GENEROSA<\/a> &#8211; Z. Kodaly<br \/>\n<\/strong><strong><a href=\"https:\/\/www.youtube.com\/watch?v=5RF4xN0Y5h0\">COME AGAIN<\/a> &#8211; John Dowland, Arrangement Anne Aubert.<br \/>\nCRUCIFIXUS &#8211; Giovanni Croce<br \/>\n<\/strong><strong><a href=\"https:\/\/www.youtube.com\/watch?v=6nbYt7Emq3M\">DANS LA PLAINE<\/a> \u2013 Populaire Russe<br \/>\n<a href=\"https:\/\/www.youtube.com\/watch?v=qvCWCNAfVA4\">DANS UNE \u00c9TABLE OBSCURE<\/a> &#8211; Praetorius<br \/>\nDANSES FRANCAISE DE LA RENAISSANCE<\/strong> &#8211; Claude Gervaise<br \/>\n<a href=\"https:\/\/www.youtube.com\/watch?v=qA9vxk3m6Ac\"><strong>DAS KLINGET SO HERRLICH<\/strong><\/a> &#8211; W.A. Mozart<br \/>\n<strong><a href=\"https:\/\/www.youtube.com\/watch?v=ZVQuJLkHU9Y\">DEUX ANTIENNES<\/a> &#8211; Franz Schubert<br \/>\n<\/strong><strong>DES CANONS :\u00a0<a href=\"https:\/\/www.youtube.com\/watch?v=Rv5m2QJ5kUU\">GAUDEAMUS HODIE<\/a> &#8211;\u00a0<a href=\"https:\/\/www.youtube.com\/watch?v=IQ0htwmLorI\">LE COEUR DES GENS<\/a><br \/>\n<a href=\"https:\/\/www.youtube.com\/watch?v=cEHNpYdlLZE\">DOUCE NUIT<\/a> &#8211; Gruber<br \/>\nCANTEN, SE\u00d1ORES CANTORES\u00a0 (<a href=\"https:\/\/campanella-champagne.fr\/?page_id=2544\">Info<\/a>)<br \/>\n<\/strong><strong><a href=\"https:\/\/www.youtube.com\/watch?v=my5oM0HPA4A\">DONA LA PACE SIGNORE <\/a><\/strong><strong>&#8211; Dino Stella<br \/>\n<\/strong><strong><a href=\"https:\/\/www.youtube.com\/watch?v=7pTCFrlFipI\">DONA NOBIS PACEM<\/a> &#8211; Mary Lynn Lightfoot (<a href=\"https:\/\/campanella-champagne.fr\/?page_id=3499\">Info<\/a>)<br \/>\n<\/strong><strong><a href=\"https:\/\/www.youtube.com\/watch?v=3-UvjCzTSCk\">EGLE TAL<\/a>\u00a0&#8211;\u00a0musique de JISHAR JAROR\u00a0 (<a href=\"https:\/\/campanella-champagne.fr\/?page_id=2437\">Info<\/a>)<br \/>\n<\/strong><strong><a href=\"https:\/\/www.youtube.com\/watch?v=DKR9XQk3sJA\">EL NO\u00cf DE LA MARE<\/a> &#8211; No\u00ebl populaire de Catalogne, Harmonisation : Ernest Cervera (<a href=\"https:\/\/campanella-champagne.fr\/?page_id=3005\">Info<\/a>)<em><br \/>\n<\/em><\/strong><strong><a href=\"https:\/\/www.youtube.com\/watch?v=7XPUodzPoak\">EN NATUS EST EMMANUEL<\/a> &#8211;\u00a0<\/strong><strong>Micha\u00ebl Praetotius (1571-1621)\u00a0 (<a href=\"https:\/\/campanella-champagne.fr\/?page_id=3026\">Info<\/a>)<br \/>\n<\/strong><strong><a href=\"https:\/\/www.youtube.com\/watch?v=U5BcK35G6hE\">ESTI DAL<\/a> &#8211; Kodali Soltan<br \/>\n<a href=\"https:\/\/www.youtube.com\/watch?v=vrtHNKFARSw\">\u00caTRE<\/a> &#8211; Ch. Aznavour<br \/>\n<\/strong><strong><a href=\"https:\/\/www.youtube.com\/watch?v=kc4H6aAWiPg\">EXULTATE DEO<\/a> &#8211; Scarlatti<br \/>\n<\/strong><strong><a href=\"https:\/\/www.youtube.com\/watch?v=KIeyCOftCMY\">EXULTATE JUSTI<\/a> &#8211; Viadana<br \/>\nEVENING RISE<\/strong> &#8211; Chant traditionnel am\u00e9ricain indien\u00a0 (<a href=\"https:\/\/campanella-champagne.fr\/?page_id=2239\">Info<\/a>)<br \/>\n<strong><a href=\"https:\/\/www.youtube.com\/watch?v=UsspQu8RXHQ\">FILE LA LAINE<\/a> &#8211; Robert Marcy\u00a0 (<a href=\"https:\/\/campanella-champagne.fr\/?page_id=2445\">Info<\/a>)<br \/>\n<\/strong><strong><a href=\"https:\/\/youtu.be\/tMGySad82UU\">FLYING<\/a> &#8211; Alan Simmons<br \/>\n<\/strong><a href=\"http:\/\/youtu.be\/RPn-9jji45k\"><strong>FUENTECILLA QUE CORRES<\/strong><\/a> &#8211; Chanson populaire d\u2019Andalousie\u00a0 (<a href=\"https:\/\/campanella-champagne.fr\/?page_id=1294\">Info<\/a>)<br \/>\n<a href=\"https:\/\/www.youtube.com\/watch?v=NLFcVzJkwd4\">JACOB&rsquo;S LADDER<\/a> &#8211; J.Dillard<strong><a href=\"https:\/\/www.youtube.com\/watch?v=o_j_N6kUMQo\"><br \/>\nGAUDE MATER POLONIA<\/a> &#8211; M\u00e9lodie polonaise du XIII\u00b0 si\u00e8cle, Harmonisation : Anonyme, XVIII\u00b0 si\u00e8cle.<br \/>\n<a href=\"https:\/\/www.youtube.com\/watch?v=DFtppysEl-k\">GAUDETE<\/a> &#8211; Piae Cantiones<br \/>\n<\/strong><strong><a href=\"https:\/\/www.youtube.com\/watch?v=pc9xMRVUV6c\">GLORIA SEI DIR GESUNGEN<\/a> &#8211; J.S.Bach. (<a href=\"https:\/\/campanella-champagne.fr\/?page_id=3486\">Info<\/a>)<br \/>\n<\/strong><strong><a href=\"https:\/\/campanella-champagne.fr\/?page_id=2445\">GOSPODI<\/a> <a href=\"https:\/\/campanella-champagne.fr\/?page_id=2445\">POMILOUI<\/a><br \/>\n<a href=\"https:\/\/www.youtube.com\/watch?v=WIk_NpPpmOw\">GOBBO SO PARE<\/a><br \/>\n<a href=\"https:\/\/www.youtube.com\/watch?v=_c3upty7-4s\">HEILIG<\/a> &#8211; F. Schubert<br \/>\n<\/strong><a href=\"https:\/\/www.youtube.com\/watch?v=F6GX9yB-ySw\"><strong>HEUREUX<\/strong><\/a> &#8211; Jacques Brel &#8211; Harm. Jacques Grindel<strong> (<a href=\"https:\/\/campanella-champagne.fr\/?page_id=1346\">Info<\/a>)<br \/>\n<\/strong><strong>HIVER HIVER &#8211; Harm. E. Daniel (<a href=\"https:\/\/campanella-champagne.fr\/?page_id=2158\">Info<\/a>)<br \/>\n<a href=\"https:\/\/www.youtube.com\/watch?v=4a6rtOYKWH4&amp;list=PLqae1kx7yfEvlG_FFRswOlyORp9AMpEAI\">IJE KHEROUVIMY<\/a> &#8211; D. Bortniansky<br \/>\n<a href=\"https:\/\/www.youtube.com\/watch?v=ntKi7c_wsR0\">IL CARNEVALE<\/a><\/strong> \u2013 Rossini<br \/>\n<a href=\"https:\/\/www.youtube.com\/watch?v=_oOfKoUlxFg\"><strong>IL EST BEL ET BON<\/strong><\/a> &#8211; Pierre Passereau<br \/>\n<strong><a href=\"https:\/\/www.youtube.com\/watch?v=97kMzYJtvhA\">IL FAIT CHANTER LES MONDES<\/a><\/strong> &#8211; <strong>J.S Bach<br \/>\n<a href=\"https:\/\/www.youtube.com\/watch?v=1TDAoPtRVAY\">IN THESE DELIGHTFUL, PLEASANT GROVES<\/a> &#8211; H.Purcell<br \/>\n<a href=\"https:\/\/www.youtube.com\/watch?v=D3oi38wkRWk\">ISTE CONFESSOR<\/a> &#8211; A. Scarlatti<\/strong><strong>JE<br \/>\n<a href=\"https:\/\/www.youtube.com\/watch?v=fWpBom1fcEk\">J&rsquo;AI POUR TOI UN LAC<\/a> &#8211; Gilles Vigneault<br \/>\n<a href=\"https:\/\/www.youtube.com\/watch?v=ZM5cENXk5nA\">JE REVIENS CHEZ VOUS<\/a> &#8211; JP Ferland \/ Harm. F. Provencher<br \/>\n<a href=\"https:\/\/www.youtube.com\/watch?v=3Eoq3pKT8-s\">JUBILEMUS EXULTEMUS <\/a><\/strong><strong>&#8211; Fran\u00e7ois Couperin (<a href=\"https:\/\/campanella-champagne.fr\/?page_id=1050\">Info<\/a>)<br \/>\n<\/strong><strong><a href=\"https:\/\/www.youtube.com\/watch?v=r9Gh-pVAZUo\">KESHET L&rsquo;VANA<\/a> &#8211; Josef Hadar<br \/>\n<a href=\"https:\/\/www.youtube.com\/watch?v=DiBrwpoLECw\">LA BICHE<\/a> &#8211; Paul Hindermith<br \/>\nLACRYMOSA &#8211; W.A. Mozart<br \/>\n<a href=\"https:\/\/www.youtube.com\/watch?v=xE3GH45r5l8\">LA DANSE A SAINT DILON<\/a><br \/>\n<\/strong><strong><a href=\"https:\/\/www.youtube.com\/watch?v=I4ntmh2lndw\">L\u2019ALBATROS<\/a><\/strong> \u2013 Musique Patrick Le Mault (<a href=\"https:\/\/campanella-champagne.fr\/?page_id=1351\">Info<\/a>)<br \/>\n<a href=\"https:\/\/www.youtube.com\/watch?v=AP-CFLfAGsk\"><strong>L&rsquo;AMOUR DE MOI<\/strong> &#8211; <\/a><strong>Harmonisation Marcel Corneloup<\/strong><br \/>\n<strong><a href=\"https:\/\/www.youtube.com\/watch?v=IfRiX0_14Uk\">LASCIA CH&rsquo;IO PIANGA<\/a> &#8211; Haendel<br \/>\n<a href=\"https:\/\/www.youtube.com\/watch?v=fOQFAEFMWjI&amp;feature=youtu.be\">LAUDATE DOMINUM<\/a><\/strong> &#8211; Michel Corboz<br \/>\n<a href=\"https:\/\/www.youtube.com\/watch?v=XY6AvDNgc1U\"><strong>LAUDATE PUERI DOMINUM<\/strong><\/a> &#8211; Psaume 112, G.F. H\u00e4ndel<br \/>\n<strong><a href=\"https:\/\/www.youtube.com\/watch?v=0M8QYmsJyCM\">LA NUIT<\/a> &#8211; Jean Philippe Rameau, Arrangement : Pierre Calmelet<br \/>\n<a href=\"https:\/\/www.youtube.com\/watch?v=gECUCIWN3Cc\">LA SANDUNGA<\/a> Traditionnel mexicain.<br \/>\nLA SERENADE BROUILL\u00c9E &#8211; W. A Mozart<br \/>\n<a href=\"https:\/\/www.youtube.com\/watch?v=uUZmOMm6h7E\">LE BEAU NAVIRE<\/a> &#8211; Cl. Gervaise<br \/>\n<\/strong><strong><a href=\"https:\/\/www.youtube.com\/watch?v=wnIvQLgexWQ\">L&rsquo;EAU VIVE<\/a> &#8211; Paroles et musique : Guy B\u00e9art, Harmonisation :Roland Chagnon.<\/strong><strong> (<a href=\"https:\/\/campanella-champagne.fr\/?page_id=3513\">Info<\/a>)<br \/>\n<a href=\"https:\/\/www.youtube.com\/watch?v=O6cliK2P2GA\">LE CHANT DES SAISONS<\/a> &#8211; R.Gagne \/ Harm. F. Provencher<br \/>\n<\/strong><strong><a href=\"https:\/\/www.youtube.com\/watch?v=rZA6lSEGJ0w\">LE CORBEAU ET LE RENARD<\/a> &#8211; Musique Jacques Frochot (<a href=\"https:\/\/campanella-champagne.fr\/?page_id=2218\">Info<\/a>)<br \/>\n<\/strong><strong><a href=\"https:\/\/www.youtube.com\/watch?feature=player_detailpage&amp;v=Fu-Oq-GIZ5I\">LE PONT MIRABEAU <\/a>&#8211; G. Apollinaire &#8211; Musique Lionel Daunais<br \/>\n<\/strong><strong><a href=\"https:\/\/www.youtube.com\/watch?v=eUQrzqzU8Mg\">LE SECRET DU RUISSEAU<\/a> &#8211; Joseph Bovet<br \/>\n<a href=\"https:\/\/www.youtube.com\/watch?v=R93UQLQqyYE\">LES COMEDIENS<\/a> &#8211; Ch. Aznavour<br \/>\n<a href=\"https:\/\/www.youtube.com\/watch?v=8FO0T9S4pxc\">LES FLEURS ET LES ARBRES<\/a> &#8211; C. Saint Sa\u00ebns<br \/>\n<a href=\"https:\/\/www.youtube.com\/watch?v=3oOH6Gs2hfg\">LE TEMPS DES CERISES<\/a><em><a href=\"https:\/\/campanella-champagne.fr\/?page_id=2232\"> &#8211; <\/a><\/em>Antoine Renard et JB Cl\u00e9ment, Arrangement : Hugues Delay. (<a href=\"https:\/\/campanella-champagne.fr\/?page_id=3517\">Info<\/a>)<br \/>\n<\/strong><a href=\"https:\/\/www.youtube.com\/watch?v=Zb5mn3QSaGU\"><strong>LES GARS DE LOCMINE<\/strong><\/a> \u2013 Harm. P. Calmelet<br \/>\n<strong><a href=\"https:\/\/www.youtube.com\/watch?v=aAHHdoFlqRc\">LES NOMADES<\/a><a href=\"https:\/\/www.youtube.com\/watch?v=aAHHdoFlqRc\"> &#8211;<\/a> Musique : Jean Ferrat, Harmonisation : Jacques Grindel (<a href=\"https:\/\/campanella-champagne.fr\/?page_id=3509\">Info<\/a>)<br \/>\n<a href=\"https:\/\/www.youtube.com\/watch?v=OvjG_zlNMoU\">LES PETITS CAF\u00c9S<\/a> &#8211; A. Vanderlove<br \/>\n<\/strong><strong><a href=\"https:\/\/www.youtube.com\/watch?v=L17rrZ-khMA\">LES SABOTS D\u2019HELENE<\/a><\/strong> \u2013 G. Brassens \u2013 Harm. A. Langr\u00e9e<br \/>\n<a href=\"https:\/\/www.youtube.com\/watch?v=yiO06yZk4y4\"><strong>LE TEMPS DES CERISES<\/strong><\/a> -A .Renard et JB Cl\u00e9ment<br \/>\n<strong><a href=\"https:\/\/www.youtube.com\/watch?v=kN2DLDJQtrA\">LOBE DEN HERREN<\/a><\/strong> &#8211; H. Sch\u00fctz<br \/>\n<strong><a href=\"https:\/\/www.youtube.com\/watch?v=oS_1ITt3x6E\" target=\"_blank\" rel=\"noopener\">LOCUS ISTE\u00a0<\/a><\/strong><strong><a href=\"https:\/\/campanella-champagne.fr\/?page_id=1050\">\u2013 Anton Bruckner<\/a><br \/>\n<a href=\"https:\/\/www.youtube.com\/watch?v=osCaCsE0iWo\">LORD I WANT<\/a> &#8211; Negro Spiritual<br \/>\n<\/strong><a href=\"https:\/\/www.youtube.com\/watch?v=oesGj6d8k-c\"><strong>MAGNIFICAT<\/strong><\/a> \u2013 Buxtehude<br \/>\n<a href=\"https:\/\/www.youtube.com\/watch?v=uxVagTCJdO0\"><strong>MAITIA, NUN ZIRA<\/strong><\/a> &#8211; Chant basque<br \/>\n<a href=\"https:\/\/www.youtube.com\/watch?v=Spx4kmY67Wc\"><strong>MARCHE n\u00b01 d&rsquo;ELGAR<\/strong><\/a> -P.Gasser<br \/>\n<strong>MARY HAD A BABY \u2013 Christmas Spiritual \u2013 Arr. Robert Scandrett<br \/>\n<a href=\"https:\/\/www.youtube.com\/watch?v=hNNxsecUu30\">M\u00c9LI-M\u00c9LO<\/a> &#8211; Joseph Bovet<br \/>\n<a href=\"https:\/\/www.youtube.com\/watch?v=3GBwbt6hK6c\">MILLE REGRETS DE VOUS ABANDONNER<\/a> &#8211; Josquin des Pr\u00e9s<br \/>\n<a href=\"http:\/\/youtu.be\/yZLJO-mK4LI\">MILOST MIRA<\/a> \u2013 Tcha\u00efkovski<\/strong><br \/>\n<strong><a href=\"https:\/\/www.youtube.com\/watch?v=oHfoiyUCNTU\">MISERERE MEI<\/a> &#8211; Antonio Lotti<\/strong><br \/>\n<strong><a href=\"https:\/\/www.youtube.com\/watch?v=BHZ03ZdZF04\">MISSA BREVIS<\/a> &#8211; Antonio Lotti<br \/>\n<\/strong><strong><a href=\"https:\/\/www.youtube.com\/watch?v=EfOOPc1PgDY\">MON AMANT DE SAINT JEAN<\/a> &#8211; E. Carrara<\/strong><strong><br \/>\n<a href=\"https:\/\/www.youtube.com\/watch?v=ZXg9UFUXFXU\">MOTHERLESS CHILD<\/a><br \/>\n<a href=\"https:\/\/www.youtube.com\/watch?v=tO2NL8DVN6E\">MY LORD WHAT A MORNING<\/a><br \/>\n<\/strong><strong><a href=\"https:\/\/www.youtube.com\/watch?v=SvDDCkmapLw\">NOCTURNE IV \/ DUE PUPILLE AMABILI<\/a> -W.A. Mozart<br \/>\n<a href=\"https:\/\/www.youtube.com\/watch?v=0xse41e8_6E\">NOCTURNE V \/ LUCI CARE<\/a> &#8211; W.A. Mozart<br \/>\n<a href=\"https:\/\/www.youtube.com\/watch?v=UkXPmdjx7pI\">NOCTURNE VI \/ PIU NON SI TROVANO<\/a> &#8211; W.A. Mozart<br \/>\n<\/strong><a href=\"https:\/\/www.youtube.com\/watch?v=Su0YvpJcX9M\"><strong>NO\u00cbL ANGLAIS<\/strong><em><strong> &#8211; <\/strong><\/em><\/a><strong>Jean Bouvard<br \/>\n<\/strong><strong><a href=\"https:\/\/www.youtube.com\/watch?v=jGFuepXnR2k\">NUITS<\/a> &#8211; Roger Calmel<br \/>\n<a href=\"https:\/\/www.youtube.com\/watch?v=Kf3zG2ev7Nk\">NYNI\u00c9 OTPOUCHTCHAI\u00c9CHY<\/a> &#8211; Lirine<br \/>\n<a href=\"https:\/\/www.youtube.com\/watch?v=SdWdmetbs5Q\">O CRUX AVE<\/a> &#8211; R. Quesnel<br \/>\n<\/strong><a href=\"https:\/\/www.youtube.com\/watch?v=AxHsqbktIJA\"><strong>ODI ET AMO<\/strong><\/a> \u2013 Carl Orff<br \/>\n<a href=\"https:\/\/www.youtube.com\/watch?v=m7ObNdBLsnM\"><strong>O DOMINE JESU CHRISTE<\/strong><\/a> &#8211; <strong>Palestrina<\/strong><br \/>\n<a href=\"https:\/\/www.youtube.com\/watch?v=olQrCfkvbGw\"><strong>OH HAPPY DAY<\/strong><\/a><br \/>\n<a href=\"https:\/\/www.youtube.com\/watch?v=8MXfXuBRwIE\"><strong>O JESU CHRISTE<\/strong><\/a> &#8211; <strong>J.Van Berchem\u00a0 <a href=\"https:\/\/youtu.be\/gd6vEdX6bbc\">Autre enregistrement<\/a><\/strong><br \/>\n<strong><a href=\"https:\/\/www.youtube.com\/watch?v=utTJqRiWCdc\">OLD ABRAM BROWN<\/a> &#8211; Benjamin Britten<br \/>\n<\/strong><strong><a href=\"https:\/\/www.youtube.com\/watch?v=eDAQtZz1yf4\">O MAGNUM MYSTERIUM<\/a><\/strong> <em><strong>&#8211; <\/strong><\/em><strong>Tom\u00e1s Luis de Victoria<br \/>\n<a href=\"https:\/\/www.youtube.com\/watch?v=SUYAn7m9Wug\">O VOS OMNES<\/a> &#8211; Luis de Victoria<br \/>\n<a href=\"https:\/\/www.youtube.com\/watch?v=ytBTMr0K__I\">O WORSHIP THE LORD<\/a> -Alfred Hollins<br \/>\n<a href=\"https:\/\/www.youtube.com\/watch?v=LLXWa2ZR-Kw\">PANGE LINGUA<\/a> &#8211; Kodaly<br \/>\n<a href=\"https:\/\/www.youtube.com\/watch?v=ol-LpxfwR3A\">PASE EL AGUA<\/a> &#8211; Anonyme 16\u00b0 si\u00e8cle<br \/>\n<\/strong><strong><a href=\"https:\/\/www.youtube.com\/watch?v=hzkPnmODZXM\">PLANGE QUASI VIRGO<\/a> &#8211; Joseph Haydn<br \/>\n<\/strong><a href=\"https:\/\/www.youtube.com\/watch?v=s80ql83Hx0c\"><strong>PLOVI PLOVI<\/strong><\/a> \u2013 Populaire Dalmate \u2013 Harm. R. Simoniti<br \/>\n<a href=\"https:\/\/www.youtube.com\/watch?v=JCxGIyYNZ7A\"><strong>POPULE MEUS<\/strong><\/a> &#8211; Luis da Victoria<br \/>\n<a href=\"https:\/\/www.youtube.com\/watch?v=kqq6MpN5NWE\"><strong>POUR UN PLAISIR QUE SI PEU DURE<\/strong><\/a> &#8211; C. de Sermisy<br \/>\n<strong><a href=\"https:\/\/www.youtube.com\/watch?v=Y74WGl2lNJ4\">PRI\u00c8RE<\/a> &#8211; Jean Sibelius<br \/>\n<\/strong><strong><a href=\"https:\/\/www.dailymotion.com\/video\/xh1v92\">PRI\u00c8RE DES FR\u00c8RES MORAVES<\/a><br \/>\n<\/strong><strong>PUER NATUS \u2013 No\u00ebl &#8211; Samuel Scheidt<br \/>\n<\/strong><strong>QUAND IL EST MORT LE PO\u00c8TE<\/strong><em><strong><a href=\"https:\/\/campanella-champagne.fr\/?page_id=1341\"> &#8211; <\/a><\/strong><\/em><strong>Gilbert B\u00e9caud &#8211; Harm. Jacques Grindel<br \/>\n<a href=\"https:\/\/www.youtube.com\/watch?v=bXpSGsNALQQ\">QUAND L&rsquo;ENNUI F\u00c2CHEUX VOUS PREND<\/a> &#8211; G. Costeley<br \/>\n<a href=\"https:\/\/www.youtube.com\/watch?v=MO5d3cyZBLA\">QUE SERAIS-JE SANS TOI<\/a> &#8211; Jean Ferrat<br \/>\n<\/strong><strong>QUIZ\u00c1S, QUIZ\u00c1S, QUIZ\u00c1S &#8211; Osvaldo Farres<br \/>\n<\/strong><strong><a href=\"https:\/\/www.youtube.com\/watch?v=Au6s5QxGqko\">ROSSIGNOL QUI VA -T-EN FRANCE<\/a> &#8211; Moya -Corneloup<br \/>\n<\/strong><strong>SALA SAMBILA &#8211; Musique : Daniel M. Cobbo<br \/>\n<a href=\"https:\/\/www.youtube.com\/watch?v=AoISthBGyak&amp;t=58s\">SANTA MARIA STRELA DO DIA<\/a> &#8211; Cantiga 100, Alfonso X el Sabio (1221-1284)<br \/>\n<\/strong><strong><a href=\"https:\/\/www.youtube.com\/watch?feature=player_detailpage&amp;v=KIt1oM_wWLc\">SIGNORE DELLE CIME<\/a> \u2013 Musique Bepi de Marzi<br \/>\n<a href=\"https:\/\/www.youtube.com\/watch?v=n_zr5Xw8kVI\">SLAVA V VYCHNIKH BOGOU<\/a> &#8211; Strokine<br \/>\n<\/strong><strong><a href=\"https:\/\/www.youtube.com\/watch?v=d3ZF2ZfdBBA\">S NAMI BOG<\/a> &#8211; Anonyme<br \/>\n<\/strong><strong><a href=\"https:\/\/www.youtube.com\/watch?v=KK66-cQO6zc\">SOIR D\u2019OCTOBRE<\/a> \u2013 Musique Andr\u00e9 Ducret<br \/>\n<\/strong><strong><a href=\"https:\/\/www.youtube.com\/watch?v=gyVjlaeHGlA\">SOON I WILL BE DONE<\/a> &#8211; Negro Spritual<br \/>\n<\/strong><strong><a href=\"https:\/\/www.youtube.com\/watch?v=rNQpeict224\">STATBAT MATER<\/a> &#8211; Kodaly<br \/>\n<a href=\"https:\/\/www.youtube.com\/watch?v=HeL1Dka-Z3Y\">STEAL AWAY TO JESUS<\/a> &#8211; Negro spiritual<br \/>\n<\/strong><strong><a href=\"https:\/\/www.youtube.com\/watch?v=MK4dFNuVrOM\">SUMITE PSALMUM<\/a><\/strong><strong> &#8211; Henrich Sch\u00fctz<br \/>\n<\/strong><strong><a href=\"https:\/\/www.youtube.com\/watch?v=F0Oy8Jn4JNo\">TABORT\u00dcZNEL<\/a> &#8211; Chant populaire de Hongrie, Harmonisation : Lajos Bardos (1899-1985)<br \/>\n<a href=\"https:\/\/www.youtube.com\/watch?v=yD7qRFELl8w\">TANT QUE VIVRAY<\/a> &#8211; C. de Sermisy<br \/>\n<a href=\"https:\/\/www.youtube.com\/watch?v=uot34yl7ehU\">TANTUM ERGO<\/a> &#8211; JM D de S\u00e9verac<br \/>\n<a href=\"https:\/\/www.youtube.com\/watch?v=jIee7nUnCoE\">TEBE POEM<\/a> &#8211; Bortniansky<br \/>\n<\/strong><strong><a href=\"https:\/\/www.youtube.com\/watch?v=t8hDg932qM0\">TECE VODA TECE<\/a> \u2013 Traditionnel tch\u00e8que<br \/>\n<a href=\"https:\/\/www.youtube.com\/watch?v=lCpxgEHqjFA\">THE LORD BLESS YOU AND KEEP YOU<\/a>, John Rutter<br \/>\n<\/strong><strong><a href=\"https:\/\/www.youtube.com\/watch?v=WYeDsa4Tw0c\">THE CONQUEST OF PARADISE 1492<\/a><br \/>\n<\/strong><strong><a href=\"https:\/\/www.youtube.com\/watch?v=3_Jn_p2UNlM\">TOLLITE HOSTIAS<\/a> &#8211; Extrait de l&rsquo;Oratorio de No\u00ebl, Camille Saint-Sa\u00ebns (1835-1921)<br \/>\n<\/strong><strong><a href=\"https:\/\/www.youtube.com\/watch?v=59PebKIgO28\">UN PRISONNIER OUBLI\u00c9<\/a> &#8211; Texte et musique de Marie-Th\u00e9r\u00e8se Robin<\/strong><strong>.<br \/>\n<a href=\"https:\/\/www.youtube.com\/watch?v=GS6L_9xUT5E\">VA PENSIERO, SULL&rsquo; ALI DORATE<\/a>&#8211; Giuseppe Verdi<br \/>\n<\/strong><strong><a href=\"https:\/\/youtu.be\/xRi1GDoaQu4\">VENI,VENI, EMMANUEL<\/a> &#8211; Kodali<br \/>\n<\/strong><a href=\"https:\/\/www.youtube.com\/watch?v=iSe8LlUrDY0\"><strong>VIVA TUTTE LE VEZZOSE<\/strong><\/a> <strong>\u2013 Felice Giardini<br \/>\n<\/strong><strong>VOICI LE JOLI MOIS DE MAI &#8211; Jean Bouvard<br \/>\n<a href=\"https:\/\/www.youtube.com\/watch?v=Kp5fukaWA_g\">VOUS PERDEZ TEMPS DE ME DIRE MAL D&rsquo;ELLE<\/a> Claudin sde Sermizy<br \/>\n<\/strong><strong><a href=\"https:\/\/www.youtube.com\/watch?v=qY3v_SSERbU\">VOIR<\/a><\/strong><strong> \u2013 Jacques Brel \u2013 Harm. Jacques Grindel.<br \/>\n<\/strong><strong><a href=\"https:\/\/www.youtube.com\/watch?v=hXtDf-0vbsQ\">WIE SCH\u00d6N LEUCHTET DER MORGENSTERN <\/a>&#8211; Johann Sebastian Bach (1685-1750).<\/strong><strong><em>\u00a0<\/em><\/strong><strong><em><br \/>\n<\/em><a href=\"https:\/\/www.youtube.com\/watch?v=waTzBd5lTHQ\">ZADOK THE PRIEST<\/a> &#8211;\u00a0 G.F. Handel<\/strong><\/p>\n<h4><em><a href=\"https:\/\/campanella-champagne.fr\/?page_id=1275\"><br \/>\n<\/a><\/em><em><br \/>\n<\/em><\/h4>\n<h4><strong><br \/>\n<\/strong><br \/>\n<strong><em><a href=\"https:\/\/campanella-champagne.fr\/?page_id=2226\"><br \/>\n<\/a><\/em><\/strong><strong><br \/>\n<\/strong><strong><em><br \/>\n<\/em><\/strong><strong><br \/>\n<\/strong><a href=\"https:\/\/www.youtube.com\/watch?v=t8hDg932qM0\"><br \/>\n<\/a><br \/>\n<strong><em>\u00a0 \u00a0 \u00a0 \u00a0 \u00a0 <\/em><\/strong><\/h4>\n<h4><\/h4>\n","protected":false},"excerpt":{"rendered":"<p>Vous pouvez \u00e9couter une version \u00ab\u00a0YouTube\u00a0\u00bb des interpr\u00e9tations de diverses chorales en cliquant sur les titres en bleu. Mais, attention \u00e0 la pub ! Dans certains cas l&rsquo;enregistrement d\u00e9bute par [&hellip;]<\/p>\n","protected":false},"author":5,"featured_media":0,"parent":0,"menu_order":0,"comment_status":"closed","ping_status":"closed","template":"","meta":{"footnotes":""},"class_list":["post-3512","page","type-page","status-publish","czr-hentry"],"_links":{"self":[{"href":"https:\/\/campanella-champagne.fr\/index.php?rest_route=\/wp\/v2\/pages\/3512","targetHints":{"allow":["GET"]}}],"collection":[{"href":"https:\/\/campanella-champagne.fr\/index.php?rest_route=\/wp\/v2\/pages"}],"about":[{"href":"https:\/\/campanella-champagne.fr\/index.php?rest_route=\/wp\/v2\/types\/page"}],"author":[{"embeddable":true,"href":"https:\/\/campanella-champagne.fr\/index.php?rest_route=\/wp\/v2\/users\/5"}],"replies":[{"embeddable":true,"href":"https:\/\/campanella-champagne.fr\/index.php?rest_route=%2Fwp%2Fv2%2Fcomments&post=3512"}],"version-history":[{"count":190,"href":"https:\/\/campanella-champagne.fr\/index.php?rest_route=\/wp\/v2\/pages\/3512\/revisions"}],"predecessor-version":[{"id":9731,"href":"https:\/\/campanella-champagne.fr\/index.php?rest_route=\/wp\/v2\/pages\/3512\/revisions\/9731"}],"wp:attachment":[{"href":"https:\/\/campanella-champagne.fr\/index.php?rest_route=%2Fwp%2Fv2%2Fmedia&parent=3512"}],"curies":[{"name":"wp","href":"https:\/\/api.w.org\/{rel}","templated":true}]}}