{"id":3509,"date":"2017-03-29T16:55:28","date_gmt":"2017-03-29T15:55:28","guid":{"rendered":"http:\/\/campanella-champagne.fr\/?page_id=3509"},"modified":"2019-10-12T17:53:55","modified_gmt":"2019-10-12T16:53:55","slug":"les-nomades","status":"publish","type":"page","link":"https:\/\/campanella-champagne.fr\/?page_id=3509","title":{"rendered":"Les nomades"},"content":{"rendered":"<p><strong>Jean FERRAT rend un vibrant hommage aux gens du voyage : tziganes, boh\u00e9miens&#8230;ceux qui parcouraient l&rsquo;Europe en roulottes. Toujours fid\u00e8le \u00e0 ses grands chefs d&rsquo;orchestre habituels, il a quand m\u00eame fait un enregistrement de cette chanson avec un jeune manouche dont la petite guitare accompagnait superbement sa voix sans pareille.<\/strong><\/p>\n<p style=\"text-align: right;\"><a href=\"https:\/\/campanella-champagne.fr\/?page_id=3512\"><strong>Retour \u00e0 la liste<\/strong><\/a><\/p>\n","protected":false},"excerpt":{"rendered":"<p>Jean FERRAT rend un vibrant hommage aux gens du voyage : tziganes, boh\u00e9miens&#8230;ceux qui parcouraient l&rsquo;Europe en roulottes. Toujours fid\u00e8le \u00e0 ses grands chefs d&rsquo;orchestre habituels, il a quand m\u00eame [&hellip;]<\/p>\n","protected":false},"author":5,"featured_media":0,"parent":0,"menu_order":0,"comment_status":"closed","ping_status":"closed","template":"","meta":{"footnotes":""},"class_list":["post-3509","page","type-page","status-publish","czr-hentry"],"_links":{"self":[{"href":"https:\/\/campanella-champagne.fr\/index.php?rest_route=\/wp\/v2\/pages\/3509","targetHints":{"allow":["GET"]}}],"collection":[{"href":"https:\/\/campanella-champagne.fr\/index.php?rest_route=\/wp\/v2\/pages"}],"about":[{"href":"https:\/\/campanella-champagne.fr\/index.php?rest_route=\/wp\/v2\/types\/page"}],"author":[{"embeddable":true,"href":"https:\/\/campanella-champagne.fr\/index.php?rest_route=\/wp\/v2\/users\/5"}],"replies":[{"embeddable":true,"href":"https:\/\/campanella-champagne.fr\/index.php?rest_route=%2Fwp%2Fv2%2Fcomments&post=3509"}],"version-history":[{"count":3,"href":"https:\/\/campanella-champagne.fr\/index.php?rest_route=\/wp\/v2\/pages\/3509\/revisions"}],"predecessor-version":[{"id":5530,"href":"https:\/\/campanella-champagne.fr\/index.php?rest_route=\/wp\/v2\/pages\/3509\/revisions\/5530"}],"wp:attachment":[{"href":"https:\/\/campanella-champagne.fr\/index.php?rest_route=%2Fwp%2Fv2%2Fmedia&parent=3509"}],"curies":[{"name":"wp","href":"https:\/\/api.w.org\/{rel}","templated":true}]}}