{"id":3502,"date":"2017-03-29T16:49:38","date_gmt":"2017-03-29T15:49:38","guid":{"rendered":"http:\/\/campanella-champagne.fr\/?page_id=3502"},"modified":"2019-10-04T16:04:47","modified_gmt":"2019-10-04T15:04:47","slug":"aimer-a-perdre-la-raison","status":"publish","type":"page","link":"https:\/\/campanella-champagne.fr\/?page_id=3502","title":{"rendered":"Aimer \u00e0 perdre la raison"},"content":{"rendered":"<p><strong>Tr\u00e8s connu comme chanteur engag\u00e9, Jean FERRAT a aussi beaucoup compos\u00e9 et chant\u00e9 l&rsquo;Amour. Il reste celui qui a mis en musique (et de quelle fa\u00e7on\u00a0! ) les merveilleux po\u00e8mes d&rsquo;Aragon. Seul l&rsquo;Amour peut faire que nos douleurs sont supportables. Aimer malgr\u00e9 tout&#8230;<\/strong><\/p>\n<p style=\"text-align: right;\"><a href=\"https:\/\/campanella-champagne.fr\/?page_id=3512\"><strong>Retour \u00e0 la liste<\/strong><\/a><\/p>\n","protected":false},"excerpt":{"rendered":"<p>Tr\u00e8s connu comme chanteur engag\u00e9, Jean FERRAT a aussi beaucoup compos\u00e9 et chant\u00e9 l&rsquo;Amour. Il reste celui qui a mis en musique (et de quelle fa\u00e7on\u00a0! ) les merveilleux po\u00e8mes [&hellip;]<\/p>\n","protected":false},"author":5,"featured_media":0,"parent":0,"menu_order":0,"comment_status":"closed","ping_status":"closed","template":"","meta":{"footnotes":""},"class_list":["post-3502","page","type-page","status-publish","czr-hentry"],"_links":{"self":[{"href":"https:\/\/campanella-champagne.fr\/index.php?rest_route=\/wp\/v2\/pages\/3502","targetHints":{"allow":["GET"]}}],"collection":[{"href":"https:\/\/campanella-champagne.fr\/index.php?rest_route=\/wp\/v2\/pages"}],"about":[{"href":"https:\/\/campanella-champagne.fr\/index.php?rest_route=\/wp\/v2\/types\/page"}],"author":[{"embeddable":true,"href":"https:\/\/campanella-champagne.fr\/index.php?rest_route=\/wp\/v2\/users\/5"}],"replies":[{"embeddable":true,"href":"https:\/\/campanella-champagne.fr\/index.php?rest_route=%2Fwp%2Fv2%2Fcomments&post=3502"}],"version-history":[{"count":4,"href":"https:\/\/campanella-champagne.fr\/index.php?rest_route=\/wp\/v2\/pages\/3502\/revisions"}],"predecessor-version":[{"id":5421,"href":"https:\/\/campanella-champagne.fr\/index.php?rest_route=\/wp\/v2\/pages\/3502\/revisions\/5421"}],"wp:attachment":[{"href":"https:\/\/campanella-champagne.fr\/index.php?rest_route=%2Fwp%2Fv2%2Fmedia&parent=3502"}],"curies":[{"name":"wp","href":"https:\/\/api.w.org\/{rel}","templated":true}]}}