{"id":3499,"date":"2017-03-29T16:47:42","date_gmt":"2017-03-29T15:47:42","guid":{"rendered":"http:\/\/campanella-champagne.fr\/?page_id=3499"},"modified":"2019-10-05T08:55:33","modified_gmt":"2019-10-05T07:55:33","slug":"dona-nobis-pacem","status":"publish","type":"page","link":"https:\/\/campanella-champagne.fr\/?page_id=3499","title":{"rendered":"Dona nobis pacem"},"content":{"rendered":"<p><strong>Cette pi\u00e8ce vocale en trois mots, \u00e9crite vers 1930 apr\u00e8s les horreurs de la Grande Guerre, est h\u00e9las toujours d&rsquo;actualit\u00e9, \u00ab\u00a0Donnez-Nous la Paix\u00a0\u00bb<\/strong><\/p>\n<p style=\"text-align: right;\"><a href=\"https:\/\/campanella-champagne.fr\/?page_id=3512\"><strong>Retour \u00e0 la liste<\/strong><\/a><\/p>\n<p>&nbsp;<\/p>\n","protected":false},"excerpt":{"rendered":"<p>Cette pi\u00e8ce vocale en trois mots, \u00e9crite vers 1930 apr\u00e8s les horreurs de la Grande Guerre, est h\u00e9las toujours d&rsquo;actualit\u00e9, \u00ab\u00a0Donnez-Nous la Paix\u00a0\u00bb Retour \u00e0 la liste &nbsp;<\/p>\n","protected":false},"author":5,"featured_media":0,"parent":0,"menu_order":0,"comment_status":"closed","ping_status":"closed","template":"","meta":{"footnotes":""},"class_list":["post-3499","page","type-page","status-publish","czr-hentry"],"_links":{"self":[{"href":"https:\/\/campanella-champagne.fr\/index.php?rest_route=\/wp\/v2\/pages\/3499","targetHints":{"allow":["GET"]}}],"collection":[{"href":"https:\/\/campanella-champagne.fr\/index.php?rest_route=\/wp\/v2\/pages"}],"about":[{"href":"https:\/\/campanella-champagne.fr\/index.php?rest_route=\/wp\/v2\/types\/page"}],"author":[{"embeddable":true,"href":"https:\/\/campanella-champagne.fr\/index.php?rest_route=\/wp\/v2\/users\/5"}],"replies":[{"embeddable":true,"href":"https:\/\/campanella-champagne.fr\/index.php?rest_route=%2Fwp%2Fv2%2Fcomments&post=3499"}],"version-history":[{"count":3,"href":"https:\/\/campanella-champagne.fr\/index.php?rest_route=\/wp\/v2\/pages\/3499\/revisions"}],"predecessor-version":[{"id":5455,"href":"https:\/\/campanella-champagne.fr\/index.php?rest_route=\/wp\/v2\/pages\/3499\/revisions\/5455"}],"wp:attachment":[{"href":"https:\/\/campanella-champagne.fr\/index.php?rest_route=%2Fwp%2Fv2%2Fmedia&parent=3499"}],"curies":[{"name":"wp","href":"https:\/\/api.w.org\/{rel}","templated":true}]}}