{"id":3486,"date":"2017-03-29T16:27:08","date_gmt":"2017-03-29T15:27:08","guid":{"rendered":"http:\/\/campanella-champagne.fr\/?page_id=3486"},"modified":"2019-10-11T17:42:46","modified_gmt":"2019-10-11T16:42:46","slug":"gloria-sei-dir-gesungen","status":"publish","type":"page","link":"https:\/\/campanella-champagne.fr\/?page_id=3486","title":{"rendered":"Gloria sei dir gesungen"},"content":{"rendered":"<p><strong>Chaque cantate de Bach correspond \u00e0 un \u00e9v\u00e9nement liturgique. Ce choral final de la cantate 140 est destin\u00e9 au 27e dimanche apr\u00e8s la Trinit\u00e9 \u00ab\u00a0Que Ta gloire soit toujours chant\u00e9e, parmi les hommes, dans le langage des anges&#8230;\u00a0\u00bb<\/strong><\/p>\n<p style=\"text-align: right;\"><a href=\"https:\/\/campanella-champagne.fr\/?page_id=3512\"><strong>Retour \u00e0 la liste<\/strong><\/a><\/p>\n","protected":false},"excerpt":{"rendered":"<p>Chaque cantate de Bach correspond \u00e0 un \u00e9v\u00e9nement liturgique. Ce choral final de la cantate 140 est destin\u00e9 au 27e dimanche apr\u00e8s la Trinit\u00e9 \u00ab\u00a0Que Ta gloire soit toujours chant\u00e9e, [&hellip;]<\/p>\n","protected":false},"author":5,"featured_media":0,"parent":0,"menu_order":0,"comment_status":"closed","ping_status":"closed","template":"","meta":{"footnotes":""},"class_list":["post-3486","page","type-page","status-publish","czr-hentry"],"_links":{"self":[{"href":"https:\/\/campanella-champagne.fr\/index.php?rest_route=\/wp\/v2\/pages\/3486","targetHints":{"allow":["GET"]}}],"collection":[{"href":"https:\/\/campanella-champagne.fr\/index.php?rest_route=\/wp\/v2\/pages"}],"about":[{"href":"https:\/\/campanella-champagne.fr\/index.php?rest_route=\/wp\/v2\/types\/page"}],"author":[{"embeddable":true,"href":"https:\/\/campanella-champagne.fr\/index.php?rest_route=\/wp\/v2\/users\/5"}],"replies":[{"embeddable":true,"href":"https:\/\/campanella-champagne.fr\/index.php?rest_route=%2Fwp%2Fv2%2Fcomments&post=3486"}],"version-history":[{"count":5,"href":"https:\/\/campanella-champagne.fr\/index.php?rest_route=\/wp\/v2\/pages\/3486\/revisions"}],"predecessor-version":[{"id":5357,"href":"https:\/\/campanella-champagne.fr\/index.php?rest_route=\/wp\/v2\/pages\/3486\/revisions\/5357"}],"wp:attachment":[{"href":"https:\/\/campanella-champagne.fr\/index.php?rest_route=%2Fwp%2Fv2%2Fmedia&parent=3486"}],"curies":[{"name":"wp","href":"https:\/\/api.w.org\/{rel}","templated":true}]}}