{"id":3462,"date":"2000-03-20T11:12:41","date_gmt":"2000-03-20T10:12:41","guid":{"rendered":"http:\/\/campanella-champagne.fr\/?page_id=3462"},"modified":"2025-01-13T15:56:41","modified_gmt":"2025-01-13T14:56:41","slug":"lu-dans-la-presse","status":"publish","type":"page","link":"https:\/\/campanella-champagne.fr\/?page_id=3462","title":{"rendered":"Lu dans la presse"},"content":{"rendered":"<h3><span style=\"color: #ff0000;\"><strong>Lu dans le Progr\u00e8s et\u00a0 le Bulletin de Champagne<\/strong><\/span><\/h3>\n<p><strong>2024 :<\/strong><\/p>\n<ul>\n<li>Rencontre avec le Ch\u0153ur Provence-Languedoc de Beaucaire, <a href=\"https:\/\/campanella-champagne.fr\/wp-content\/uploads\/2024\/04\/2024-03-Article-Journal-de-Champagne-V3.pdf\">Bulletin de Champagne N\u00b0 168 Printemps 2024<\/a><\/li>\n<li>Une ann\u00e9e riche en \u00e9v\u00e8nements, <a href=\"https:\/\/campanella-champagne.fr\/wp-content\/uploads\/2024\/07\/2024-06-Article-Campanella-pour-le-BM.pdf\">Bulletin de Champagne N\u00b0 169, \u00c9t\u00e9 2024<\/a><\/li>\n<li>Une ann\u00e9e rythm\u00e9e pour la chorale Campanella. <a href=\"https:\/\/campanella-champagne.fr\/wp-content\/uploads\/2025\/01\/2024-Article-BM-N\u00b0171-hiver.pdf\">Bulletin de Champagne N\u00b0171 Hiver 2024<\/a><\/li>\n<\/ul>\n<p><strong>2023 : <\/strong><\/p>\n<ul>\n<li>Campanella, l\u2019envers du d\u00e9cor, <a href=\"https:\/\/campanella-champagne.fr\/wp-content\/uploads\/2023\/10\/2023-05-Article-pour-le-bulletin-de-Champagne.pdf\">Bulletin de Champagne N\u00b0165 \u00c9t\u00e9 2023<\/a><\/li>\n<li>La chorale Campanella en Auvergne, <a href=\"https:\/\/campanella-champagne.fr\/wp-content\/uploads\/2023\/10\/Campanella-en-Auvergne-Bulletin-N\u00b0-166-Automne-2023-scaled.jpg\">Bulletin de Champagne N\u00b0 166, Automne 2023<\/a><\/li>\n<\/ul>\n<p><strong><span style=\"text-decoration: underline;\">2022<\/span><\/strong> :<\/p>\n<ul>\n<li>2022, l&rsquo;ann\u00e9e du red\u00e9marrage \u00e0 Campanella ! <a href=\"https:\/\/campanella-champagne.fr\/wp-content\/uploads\/2022\/08\/2022-Bulletin-de-Champagne-\u00c9t\u00e9-2022.pdf\">Bulletin de Champagne N\u00b0 161, \u00c9t\u00e9 2022<\/a><\/li>\n<\/ul>\n<p><span style=\"text-decoration: underline;\"><strong>2021<\/strong><\/span> :<\/p>\n<ul>\n<li>Campanella attend avec impatience la rentr\u00e9e, <a href=\"https:\/\/campanella-champagne.fr\/wp-content\/uploads\/2021\/11\/2021-05-Article-pour-le-bulletin-de-Champagne-N\u00b0-157-\u00c9t\u00e9-2021.pdf\">Bulletin de Champagne N\u00b0 157, \u00c9t\u00e9 2021<\/a><\/li>\n<li>Campanella retrouve sa voix, <a href=\"https:\/\/campanella-champagne.fr\/wp-content\/uploads\/2022\/01\/2021-Bulletin-de-Champagne-N\u00b0159-Hiver-2021-2022.jpg\">Bulletin de Champagne N\u00b0 159, Hiver 2021-2022<\/a><\/li>\n<\/ul>\n<p><strong><span style=\"text-decoration: underline;\">2020<\/span> : <\/strong><\/p>\n<ul>\n<li>Campanella pendant le confinement, <a href=\"https:\/\/campanella-champagne.fr\/?attachment_id=6036\">Bulletin de Champagne N\u00b0 154, Automne 2020<\/a><\/li>\n<\/ul>\n<p><span style=\"text-decoration: underline;\"><strong>2019 : <\/strong><\/span><\/p>\n<ul>\n<li>D\u00e9fil\u00e9 des associations, <a href=\"https:\/\/campanella-champagne.fr\/wp-content\/uploads\/2019\/10\/2019-10-Bulletin-de-champgne-N\u00b0151-Automne-2019.jpg\">Bulletin de Champagne N\u00b0 151, Automne 2019<\/a><\/li>\n<li>Concert du 13 d\u00e9cembre , <a href=\"https:\/\/campanella-champagne.fr\/wp-content\/uploads\/2019\/12\/2019-12-Article-du-Progr\u00e8s.jpg\">Le Progr\u00e8s, 10 d\u00e9cembre 2019<\/a><\/li>\n<li>Campanella et l&rsquo;association \u00ab\u00a0A c\u0153ur Joie\u00a0\u00bb, <a href=\"https:\/\/campanella-champagne.fr\/wp-content\/uploads\/2020\/01\/2019-12-Article-pour-le-BM-de-Champagne.pdf\">Bulletin de Champagne N\u00b0 152, Hiver\u00a0 2019-2020<\/a><\/li>\n<\/ul>\n<p><span style=\"text-decoration: underline;\"><strong>2018 :<\/strong><\/span><\/p>\n<ul>\n<li>Bilan du T\u00e9l\u00e9thon 2017, <a href=\"https:\/\/campanella-champagne.fr\/wp-content\/uploads\/2018\/03\/2018-03-Article-sur-T\u00e9l\u00e9thon.pdf\">Bulletin de Champagne N\u00b0145 Printemps 2018<\/a><\/li>\n<li>Balade en Sa\u00f4ne et Loire 2018, <a href=\"https:\/\/campanella-champagne.fr\/wp-content\/uploads\/2018\/10\/2018-06-Balade-Sa\u00f6ne-et-Loire.pdf\">Bulletin de Champagne N\u00b0147 Automne 2018<\/a><\/li>\n<\/ul>\n<p><strong><span style=\"text-decoration: underline;\">2017 :<\/span><\/strong><\/p>\n<ul>\n<li>Concert T\u00e9l\u00e9thon<a href=\"https:\/\/campanella-champagne.fr\/wp-content\/uploads\/2017\/04\/2017-04Bulletin-de-Champage-printemps-2017.pdf\"> Bulletin de Champagne N\u00b0141 Printemps 2017<\/a><\/li>\n<li>Concert EHPAD Limonest<a href=\"https:\/\/campanella-champagne.fr\/wp-content\/uploads\/2017\/08\/2017-06-Article-EHPAD-pour-journal-de-champagne.pdf\"> Bulletin de Champagne N\u00b0 142 \u00c9t\u00e9 2017<\/a><\/li>\n<li>Visite chez Jean Ferrat<a href=\"https:\/\/campanella-champagne.fr\/wp-content\/uploads\/2017\/10\/2017-10-Article-bulletin-de-Champagne.compressed.pdf\">\u00a0 Bulletin de Champagne N\u00b0 143 Automne 2017<\/a><\/li>\n<li>Pr\u00e9paration du T\u00e9l\u00e9thon <a href=\"https:\/\/campanella-champagne.fr\/wp-content\/uploads\/2017\/12\/2017-12-Photo-progr\u00e8s.jpg\">Le Progr\u00e8s, 11 d\u00e9cembre 2017<\/a><\/li>\n<\/ul>\n<p><span style=\"text-decoration: underline;\"><strong>2016 :<br \/>\n<\/strong><\/span><\/p>\n<ul>\n<li>Concert \u00e0 Champagne<a href=\"https:\/\/campanella-champagne.fr\/wp-content\/uploads\/2016\/03\/2016-03-Article-Journal-de-Champagne.pdf\"> Bulletin de Champagne N\u00b0 137 Printemps 2016<\/a><\/li>\n<li>WE \u00e0 l&rsquo;Isle sur Sorgues<a href=\"https:\/\/campanella-champagne.fr\/wp-content\/uploads\/2016\/10\/Bulletin-de-Champagne-Automne-2016.pdf\"> Bulletin de Champagne N\u00b0139 Automne 2016<\/a><\/li>\n<\/ul>\n<p><strong><span style=\"text-decoration: underline;\">2015<\/span> :<\/strong><\/p>\n<ul>\n<li>Campanella et Chantesource<a href=\"https:\/\/campanella-champagne.fr\/wp-content\/uploads\/2015\/04\/Article-du-Progr\u00e8s-sur-le-concert-du-25-janvier.jpg\"> Le Progr\u00e8s du 28 janvier 2015<\/a><\/li>\n<li>Campanella et Chantesource<a href=\"https:\/\/campanella-champagne.fr\/wp-content\/uploads\/2015\/04\/Article-Journal-de-Champagne.jpg\">\u00a0Bulletin de Champagne N\u00b0133 Printemps 2015<\/a><\/li>\n<\/ul>\n<p><strong><span style=\"text-decoration: underline;\">2014<\/span> :<\/strong><\/p>\n<ul>\n<li>Anniversaire des 20 ans, <a href=\"https:\/\/campanella-champagne.fr\/wp-content\/uploads\/2015\/05\/Anniversaire-des-20-ans-2014-Bulletin-N\u00b0130.jpg\">Bulletin de Champagne N\u00b0130 \u00c9t\u00e9 2014<\/a><\/li>\n<li>Sortie en Ard\u00e8che, <a href=\"https:\/\/campanella-champagne.fr\/wp-content\/uploads\/2015\/05\/En-Ard\u00e8che-juin-2014-Bulletin-N\u00b0131.jpg\">Bulletin de Champagne N\u00b0131 Automne 2014<\/a><\/li>\n<li>Une m\u00e9daille pour Jean-Pierre, <a href=\"https:\/\/campanella-champagne.fr\/wp-content\/uploads\/2023\/10\/2014-03-Medaille-Jean-Pierre.png\">Polygonerie N\u00b0 51, Mars 2014<\/a><\/li>\n<\/ul>\n<p><strong><span style=\"text-decoration: underline;\">2013<\/span> :<\/strong><\/p>\n<ul>\n<li>\u00a0Les concerts 2012<a href=\"https:\/\/campanella-champagne.fr\/wp-content\/uploads\/2015\/05\/Concert-Champagne-2013-Bulletin-N\u00b0-127.jpg\"> Bulletin de Champagne N\u00b0127 Mars 2013<\/a><\/li>\n<\/ul>\n<p><strong><span style=\"text-decoration: underline;\">2012<\/span> :<\/strong><\/p>\n<ul>\n<li>Stabat Mater \u00e0 Champagne<a href=\"https:\/\/campanella-champagne.fr\/wp-content\/uploads\/2015\/05\/Concert-Champagne-2012-Bulletin-N\u00b0-125.jpg\"> Bulletin de Champagne N\u00b0125 Juin 2012<\/a><\/li>\n<\/ul>\n<p><span style=\"text-decoration: underline;\"><strong>2011 : <\/strong><\/span><\/p>\n<ul>\n<li><strong>Concert pour les v\u0153ux du maire<\/strong><a href=\"https:\/\/campanella-champagne.fr\/wp-content\/uploads\/2015\/05\/Concert-pour-les-voeux-du-maire-mars-2011-Bulletin-N\u00b0121.jpg\"> Bulletin de Champagne N\u00b0121 Mars 2011<\/a><\/li>\n<li>Campanella recrute !<a href=\"https:\/\/campanella-champagne.fr\/wp-content\/uploads\/2015\/05\/La-chorale-Campanella-recrute-Juin-2011-Bulletin-N\u00b0122.jpg\"> Bulletin de Champagne N\u00b0122 Juin 2011<\/a><\/li>\n<\/ul>\n<p><span style=\"text-decoration: underline;\"><strong>2009 :<br \/>\n<\/strong><\/span><\/p>\n<ul>\n<li>Vive les mari\u00e9s !<a href=\"https:\/\/campanella-champagne.fr\/wp-content\/uploads\/2015\/05\/Concert-Ouroux-2009-Bulletin-N\u00b0116.jpg\"> Bulletin de Champagne N\u00b0116 Juin 2009<\/a><\/li>\n<\/ul>\n<p><span style=\"text-decoration: underline;\"><strong>\u00a0<\/strong><\/span><\/p>\n","protected":false},"excerpt":{"rendered":"<p>Lu dans le Progr\u00e8s et\u00a0 le Bulletin de Champagne 2024 : Rencontre avec le Ch\u0153ur Provence-Languedoc de Beaucaire, Bulletin de Champagne N\u00b0 168 Printemps 2024 Une ann\u00e9e riche en \u00e9v\u00e8nements, [&hellip;]<\/p>\n","protected":false},"author":4,"featured_media":0,"parent":0,"menu_order":0,"comment_status":"closed","ping_status":"closed","template":"","meta":{"footnotes":""},"class_list":["post-3462","page","type-page","status-publish","czr-hentry"],"_links":{"self":[{"href":"https:\/\/campanella-champagne.fr\/index.php?rest_route=\/wp\/v2\/pages\/3462","targetHints":{"allow":["GET"]}}],"collection":[{"href":"https:\/\/campanella-champagne.fr\/index.php?rest_route=\/wp\/v2\/pages"}],"about":[{"href":"https:\/\/campanella-champagne.fr\/index.php?rest_route=\/wp\/v2\/types\/page"}],"author":[{"embeddable":true,"href":"https:\/\/campanella-champagne.fr\/index.php?rest_route=\/wp\/v2\/users\/4"}],"replies":[{"embeddable":true,"href":"https:\/\/campanella-champagne.fr\/index.php?rest_route=%2Fwp%2Fv2%2Fcomments&post=3462"}],"version-history":[{"count":54,"href":"https:\/\/campanella-champagne.fr\/index.php?rest_route=\/wp\/v2\/pages\/3462\/revisions"}],"predecessor-version":[{"id":9004,"href":"https:\/\/campanella-champagne.fr\/index.php?rest_route=\/wp\/v2\/pages\/3462\/revisions\/9004"}],"wp:attachment":[{"href":"https:\/\/campanella-champagne.fr\/index.php?rest_route=%2Fwp%2Fv2%2Fmedia&parent=3462"}],"curies":[{"name":"wp","href":"https:\/\/api.w.org\/{rel}","templated":true}]}}