{"id":3026,"date":"2016-11-15T05:48:28","date_gmt":"2016-11-15T04:48:28","guid":{"rendered":"http:\/\/campanella-champagne.fr\/?page_id=3026"},"modified":"2019-10-05T09:08:19","modified_gmt":"2019-10-05T08:08:19","slug":"en-natus-est-emmanuel-3","status":"publish","type":"page","link":"https:\/\/campanella-champagne.fr\/?page_id=3026","title":{"rendered":"En natus est Emmanuel"},"content":{"rendered":"<p class=\"p1\">Michel Praetorius est l&rsquo;un des grands compositeurs luth\u00e9riens. Dans sa production monumentale, on d\u00e9c\u00e8le l&rsquo;influence italienne. Ce chant, tr\u00e8s choral, invite \u00e0 glorifier le Seigneur n\u00e9 de Marie.<\/p>\n<p class=\"p1\">\u00ab\u00a0Le Seigneur est notre sauveur&#8230;Louons le P\u00e8re, le Fils et le Saint-Esprit..\u00a0\u00bb<\/p>\n<p class=\"p1\" style=\"text-align: right;\">\u00a0<a href=\"https:\/\/campanella-champagne.fr\/?page_id=3512\">\u00a0<strong>Retour \u00e0 la liste<\/strong><\/a><\/p>\n","protected":false},"excerpt":{"rendered":"<p>Michel Praetorius est l&rsquo;un des grands compositeurs luth\u00e9riens. Dans sa production monumentale, on d\u00e9c\u00e8le l&rsquo;influence italienne. Ce chant, tr\u00e8s choral, invite \u00e0 glorifier le Seigneur n\u00e9 de Marie. \u00ab\u00a0Le Seigneur [&hellip;]<\/p>\n","protected":false},"author":4,"featured_media":0,"parent":0,"menu_order":0,"comment_status":"closed","ping_status":"closed","template":"","meta":{"footnotes":""},"class_list":["post-3026","page","type-page","status-publish","czr-hentry"],"_links":{"self":[{"href":"https:\/\/campanella-champagne.fr\/index.php?rest_route=\/wp\/v2\/pages\/3026","targetHints":{"allow":["GET"]}}],"collection":[{"href":"https:\/\/campanella-champagne.fr\/index.php?rest_route=\/wp\/v2\/pages"}],"about":[{"href":"https:\/\/campanella-champagne.fr\/index.php?rest_route=\/wp\/v2\/types\/page"}],"author":[{"embeddable":true,"href":"https:\/\/campanella-champagne.fr\/index.php?rest_route=\/wp\/v2\/users\/4"}],"replies":[{"embeddable":true,"href":"https:\/\/campanella-champagne.fr\/index.php?rest_route=%2Fwp%2Fv2%2Fcomments&post=3026"}],"version-history":[{"count":4,"href":"https:\/\/campanella-champagne.fr\/index.php?rest_route=\/wp\/v2\/pages\/3026\/revisions"}],"predecessor-version":[{"id":5463,"href":"https:\/\/campanella-champagne.fr\/index.php?rest_route=\/wp\/v2\/pages\/3026\/revisions\/5463"}],"wp:attachment":[{"href":"https:\/\/campanella-champagne.fr\/index.php?rest_route=%2Fwp%2Fv2%2Fmedia&parent=3026"}],"curies":[{"name":"wp","href":"https:\/\/api.w.org\/{rel}","templated":true}]}}