{"id":2544,"date":"2016-06-02T17:16:49","date_gmt":"2016-06-02T16:16:49","guid":{"rendered":"http:\/\/campanella-champagne.fr\/?page_id=2544"},"modified":"2019-10-05T08:47:47","modified_gmt":"2019-10-05T07:47:47","slug":"des-canons","status":"publish","type":"page","link":"https:\/\/campanella-champagne.fr\/?page_id=2544","title":{"rendered":"Des canons"},"content":{"rendered":"<p>1.GAUDEAMUS HODIE (de Rainer BUTZ n\u00e9 en 1959 )<br \/>\nC&rsquo;est un air tr\u00e8s dynamique \u00e0 trois voix mixtes, sur un rythme de merengue. \u00ab\u00a0R\u00e9jouissons-nous aujourd&rsquo;hui\u00a0\u00bb<\/p>\n<p>2.LE COEUR DES GENS ( Daniel BEAUME n\u00e9 en 1945)<br \/>\nL&rsquo;\u00e9criture de ce morceau repose sur une formule rythmique\u00a0\u00ab\u00a0trois pour deux\u00a0\u00bb comme dans certaines musiques d&rsquo;Am\u00e9rique du Sud.<\/p>\n<p>3.CANTEN, SE\u00d1ORES CANTORES ( Texte et musique anonymes)<br \/>\nRestitution: Nestor ZADOFF<br \/>\nC&rsquo;est un chant populaire argentin chant\u00e9\u00a0\u00e0 deux ou trois voix.<\/p>\n<p style=\"text-align: right;\"><a href=\"https:\/\/campanella-champagne.fr\/?page_id=3512\">Retour \u00e0 la liste<\/a><\/p>\n","protected":false},"excerpt":{"rendered":"<p>1.GAUDEAMUS HODIE (de Rainer BUTZ n\u00e9 en 1959 ) C&rsquo;est un air tr\u00e8s dynamique \u00e0 trois voix mixtes, sur un rythme de merengue. \u00ab\u00a0R\u00e9jouissons-nous aujourd&rsquo;hui\u00a0\u00bb 2.LE COEUR DES GENS ( [&hellip;]<\/p>\n","protected":false},"author":5,"featured_media":0,"parent":0,"menu_order":0,"comment_status":"closed","ping_status":"closed","template":"","meta":{"footnotes":""},"class_list":["post-2544","page","type-page","status-publish","czr-hentry"],"_links":{"self":[{"href":"https:\/\/campanella-champagne.fr\/index.php?rest_route=\/wp\/v2\/pages\/2544","targetHints":{"allow":["GET"]}}],"collection":[{"href":"https:\/\/campanella-champagne.fr\/index.php?rest_route=\/wp\/v2\/pages"}],"about":[{"href":"https:\/\/campanella-champagne.fr\/index.php?rest_route=\/wp\/v2\/types\/page"}],"author":[{"embeddable":true,"href":"https:\/\/campanella-champagne.fr\/index.php?rest_route=\/wp\/v2\/users\/5"}],"replies":[{"embeddable":true,"href":"https:\/\/campanella-champagne.fr\/index.php?rest_route=%2Fwp%2Fv2%2Fcomments&post=2544"}],"version-history":[{"count":4,"href":"https:\/\/campanella-champagne.fr\/index.php?rest_route=\/wp\/v2\/pages\/2544\/revisions"}],"predecessor-version":[{"id":5451,"href":"https:\/\/campanella-champagne.fr\/index.php?rest_route=\/wp\/v2\/pages\/2544\/revisions\/5451"}],"wp:attachment":[{"href":"https:\/\/campanella-champagne.fr\/index.php?rest_route=%2Fwp%2Fv2%2Fmedia&parent=2544"}],"curies":[{"name":"wp","href":"https:\/\/api.w.org\/{rel}","templated":true}]}}