{"id":2452,"date":"2016-03-17T22:00:13","date_gmt":"2016-03-17T21:00:13","guid":{"rendered":"http:\/\/campanella-champagne.fr\/?page_id=2452"},"modified":"2019-10-05T08:31:36","modified_gmt":"2019-10-05T07:31:36","slug":"bacchus-et-gambrinus","status":"publish","type":"page","link":"https:\/\/campanella-champagne.fr\/?page_id=2452","title":{"rendered":"Bacchus et Gambrinus"},"content":{"rendered":"<p><strong>Bacchus, fils de Jupiter, reprend les attributs de Dionysos, son homologue grec. C&rsquo;est le dieu de la vigne, de la f\u00eate du vin, des plaisirs de la vie et de ses d\u00e9bordements. Les f\u00eates de Bacchus (les bacchanales), tr\u00e8s licencieuses, comprenaient aussi des courses, des jeux et des repr\u00e9sentations dramatiques.<br \/>\nAppr\u00e9cions cette chanson de table dont le texte a \u00e9t\u00e9 adapt\u00e9 par J.P FINCK.<\/strong><\/p>\n<p style=\"text-align: right;\"><a href=\"https:\/\/campanella-champagne.fr\/?page_id=3512\">Retour \u00e0 la liste<\/a><\/p>\n","protected":false},"excerpt":{"rendered":"<p>Bacchus, fils de Jupiter, reprend les attributs de Dionysos, son homologue grec. C&rsquo;est le dieu de la vigne, de la f\u00eate du vin, des plaisirs de la vie et de [&hellip;]<\/p>\n","protected":false},"author":5,"featured_media":0,"parent":0,"menu_order":0,"comment_status":"closed","ping_status":"closed","template":"","meta":{"footnotes":""},"class_list":["post-2452","page","type-page","status-publish","czr-hentry"],"_links":{"self":[{"href":"https:\/\/campanella-champagne.fr\/index.php?rest_route=\/wp\/v2\/pages\/2452","targetHints":{"allow":["GET"]}}],"collection":[{"href":"https:\/\/campanella-champagne.fr\/index.php?rest_route=\/wp\/v2\/pages"}],"about":[{"href":"https:\/\/campanella-champagne.fr\/index.php?rest_route=\/wp\/v2\/types\/page"}],"author":[{"embeddable":true,"href":"https:\/\/campanella-champagne.fr\/index.php?rest_route=\/wp\/v2\/users\/5"}],"replies":[{"embeddable":true,"href":"https:\/\/campanella-champagne.fr\/index.php?rest_route=%2Fwp%2Fv2%2Fcomments&post=2452"}],"version-history":[{"count":4,"href":"https:\/\/campanella-champagne.fr\/index.php?rest_route=\/wp\/v2\/pages\/2452\/revisions"}],"predecessor-version":[{"id":5440,"href":"https:\/\/campanella-champagne.fr\/index.php?rest_route=\/wp\/v2\/pages\/2452\/revisions\/5440"}],"wp:attachment":[{"href":"https:\/\/campanella-champagne.fr\/index.php?rest_route=%2Fwp%2Fv2%2Fmedia&parent=2452"}],"curies":[{"name":"wp","href":"https:\/\/api.w.org\/{rel}","templated":true}]}}