{"id":2445,"date":"2016-03-17T21:41:12","date_gmt":"2016-03-17T20:41:12","guid":{"rendered":"http:\/\/campanella-champagne.fr\/?page_id=2445"},"modified":"2019-10-05T09:13:07","modified_gmt":"2019-10-05T08:13:07","slug":"file-la-laine-3","status":"publish","type":"page","link":"https:\/\/campanella-champagne.fr\/?page_id=2445","title":{"rendered":"File la laine"},"content":{"rendered":"<p><strong>Chanson \u00ab\u00a0sans \u00e2ge\u00a0\u00bb, cette complainte intemporelle m\u00e9lange les \u00e9poques, utilise les tournures pass\u00e9istes et po\u00e9tiques ainsi qu&rsquo;un vocabulaire d&rsquo;\u00e9poque moyen\u00e2geuse.<\/strong><br \/>\n<strong>L&rsquo;art des troubadours et des trouv\u00e8res a \u00e9t\u00e9 pastich\u00e9 dans un style rappelant celui des chansons m\u00e9di\u00e9vales (chansons courtoises, chansons de gestes).<\/strong><br \/>\n<strong>Robert MARCY, homme de th\u00e9\u00e2tre, s&rsquo;est fait conna\u00eetre comme auteur-compositeur notamment pour Les Fr\u00e8res Jacques, Jacques Dou\u00e9, Serge Reggiani.<\/strong><\/p>\n<p style=\"text-align: right;\"><a href=\"https:\/\/campanella-champagne.fr\/?page_id=3512\">Retour \u00e0 la liste<\/a><\/p>\n","protected":false},"excerpt":{"rendered":"<p>Chanson \u00ab\u00a0sans \u00e2ge\u00a0\u00bb, cette complainte intemporelle m\u00e9lange les \u00e9poques, utilise les tournures pass\u00e9istes et po\u00e9tiques ainsi qu&rsquo;un vocabulaire d&rsquo;\u00e9poque moyen\u00e2geuse. L&rsquo;art des troubadours et des trouv\u00e8res a \u00e9t\u00e9 pastich\u00e9 dans [&hellip;]<\/p>\n","protected":false},"author":5,"featured_media":0,"parent":0,"menu_order":0,"comment_status":"closed","ping_status":"closed","template":"","meta":{"footnotes":""},"class_list":["post-2445","page","type-page","status-publish","czr-hentry"],"_links":{"self":[{"href":"https:\/\/campanella-champagne.fr\/index.php?rest_route=\/wp\/v2\/pages\/2445","targetHints":{"allow":["GET"]}}],"collection":[{"href":"https:\/\/campanella-champagne.fr\/index.php?rest_route=\/wp\/v2\/pages"}],"about":[{"href":"https:\/\/campanella-champagne.fr\/index.php?rest_route=\/wp\/v2\/types\/page"}],"author":[{"embeddable":true,"href":"https:\/\/campanella-champagne.fr\/index.php?rest_route=\/wp\/v2\/users\/5"}],"replies":[{"embeddable":true,"href":"https:\/\/campanella-champagne.fr\/index.php?rest_route=%2Fwp%2Fv2%2Fcomments&post=2445"}],"version-history":[{"count":3,"href":"https:\/\/campanella-champagne.fr\/index.php?rest_route=\/wp\/v2\/pages\/2445\/revisions"}],"predecessor-version":[{"id":5467,"href":"https:\/\/campanella-champagne.fr\/index.php?rest_route=\/wp\/v2\/pages\/2445\/revisions\/5467"}],"wp:attachment":[{"href":"https:\/\/campanella-champagne.fr\/index.php?rest_route=%2Fwp%2Fv2%2Fmedia&parent=2445"}],"curies":[{"name":"wp","href":"https:\/\/api.w.org\/{rel}","templated":true}]}}