{"id":2226,"date":"2016-01-21T15:24:50","date_gmt":"2016-01-21T14:24:50","guid":{"rendered":"http:\/\/campanella-champagne.fr\/?page_id=2226"},"modified":"2016-01-21T15:26:17","modified_gmt":"2016-01-21T14:26:17","slug":"quisas","status":"publish","type":"page","link":"https:\/\/campanella-champagne.fr\/?page_id=2226","title":{"rendered":"Quis\u00e1s"},"content":{"rendered":"<p><strong>QUIZ\u00c1S, fabuleux bol\u00e9ro \u00e9crit par le cubain OSVALDO FARRES, a connu de nombreuses interpr\u00e9tations et adaptations : anglaise, fran\u00e7aise, arabe. La plus connue est sans doute, celle du grand Nat King Cole. La m\u00e9lodie a fait le tour du monde avec des mots simples mais universels\u00a0: \u00ab\u00a0peut-\u00eatre\u00a0\u00bb, \u00ab\u00a0 peut \u00eatre\u00a0\u00bb&#8230;face \u00e0 certaines situations o\u00f9 le \u00ab\u00a0oui\u00a0\u00bb est attendu.<\/strong><\/p>\n<p style=\"text-align: right;\"><strong><a href=\"https:\/\/campanella-champagne.fr\/?page_id=21\">Retour \u00e0 la liste<\/a><\/strong><\/p>\n","protected":false},"excerpt":{"rendered":"<p>QUIZ\u00c1S, fabuleux bol\u00e9ro \u00e9crit par le cubain OSVALDO FARRES, a connu de nombreuses interpr\u00e9tations et adaptations : anglaise, fran\u00e7aise, arabe. La plus connue est sans doute, celle du grand Nat [&hellip;]<\/p>\n","protected":false},"author":1,"featured_media":0,"parent":0,"menu_order":0,"comment_status":"closed","ping_status":"closed","template":"","meta":{"footnotes":""},"class_list":["post-2226","page","type-page","status-publish","czr-hentry"],"_links":{"self":[{"href":"https:\/\/campanella-champagne.fr\/index.php?rest_route=\/wp\/v2\/pages\/2226","targetHints":{"allow":["GET"]}}],"collection":[{"href":"https:\/\/campanella-champagne.fr\/index.php?rest_route=\/wp\/v2\/pages"}],"about":[{"href":"https:\/\/campanella-champagne.fr\/index.php?rest_route=\/wp\/v2\/types\/page"}],"author":[{"embeddable":true,"href":"https:\/\/campanella-champagne.fr\/index.php?rest_route=\/wp\/v2\/users\/1"}],"replies":[{"embeddable":true,"href":"https:\/\/campanella-champagne.fr\/index.php?rest_route=%2Fwp%2Fv2%2Fcomments&post=2226"}],"version-history":[{"count":2,"href":"https:\/\/campanella-champagne.fr\/index.php?rest_route=\/wp\/v2\/pages\/2226\/revisions"}],"predecessor-version":[{"id":2228,"href":"https:\/\/campanella-champagne.fr\/index.php?rest_route=\/wp\/v2\/pages\/2226\/revisions\/2228"}],"wp:attachment":[{"href":"https:\/\/campanella-champagne.fr\/index.php?rest_route=%2Fwp%2Fv2%2Fmedia&parent=2226"}],"curies":[{"name":"wp","href":"https:\/\/api.w.org\/{rel}","templated":true}]}}