{"id":2138,"date":"2016-01-10T15:43:20","date_gmt":"2016-01-10T14:43:20","guid":{"rendered":"http:\/\/campanella-champagne.fr\/?page_id=2138"},"modified":"2019-10-04T16:11:13","modified_gmt":"2019-10-04T15:11:13","slug":"alta-trinita","status":"publish","type":"page","link":"https:\/\/campanella-champagne.fr\/?page_id=2138","title":{"rendered":"Alta Trinita"},"content":{"rendered":"<p><strong>Ce chant anonyme du 15e si\u00e8cle nous vient d&rsquo;Italie. Sa simplicit\u00e9, sa gr\u00e2ce sont au service de la Grande Trinit\u00e9 Glorieuse, Bienheureuse, Merveilleuse\u2026, une bien belle m\u00e9lodie\u00a0!<\/strong><\/p>\n<p style=\"text-align: right;\"><a href=\"https:\/\/campanella-champagne.fr\/?page_id=3512\"><strong>Retour \u00e0 la liste<\/strong><\/a><\/p>\n","protected":false},"excerpt":{"rendered":"<p>Ce chant anonyme du 15e si\u00e8cle nous vient d&rsquo;Italie. Sa simplicit\u00e9, sa gr\u00e2ce sont au service de la Grande Trinit\u00e9 Glorieuse, Bienheureuse, Merveilleuse\u2026, une bien belle m\u00e9lodie\u00a0! Retour \u00e0 la [&hellip;]<\/p>\n","protected":false},"author":1,"featured_media":0,"parent":0,"menu_order":0,"comment_status":"closed","ping_status":"closed","template":"","meta":{"footnotes":""},"class_list":["post-2138","page","type-page","status-publish","czr-hentry"],"_links":{"self":[{"href":"https:\/\/campanella-champagne.fr\/index.php?rest_route=\/wp\/v2\/pages\/2138","targetHints":{"allow":["GET"]}}],"collection":[{"href":"https:\/\/campanella-champagne.fr\/index.php?rest_route=\/wp\/v2\/pages"}],"about":[{"href":"https:\/\/campanella-champagne.fr\/index.php?rest_route=\/wp\/v2\/types\/page"}],"author":[{"embeddable":true,"href":"https:\/\/campanella-champagne.fr\/index.php?rest_route=\/wp\/v2\/users\/1"}],"replies":[{"embeddable":true,"href":"https:\/\/campanella-champagne.fr\/index.php?rest_route=%2Fwp%2Fv2%2Fcomments&post=2138"}],"version-history":[{"count":4,"href":"https:\/\/campanella-champagne.fr\/index.php?rest_route=\/wp\/v2\/pages\/2138\/revisions"}],"predecessor-version":[{"id":5427,"href":"https:\/\/campanella-champagne.fr\/index.php?rest_route=\/wp\/v2\/pages\/2138\/revisions\/5427"}],"wp:attachment":[{"href":"https:\/\/campanella-champagne.fr\/index.php?rest_route=%2Fwp%2Fv2%2Fmedia&parent=2138"}],"curies":[{"name":"wp","href":"https:\/\/api.w.org\/{rel}","templated":true}]}}