{"id":2121,"date":"2016-01-10T14:35:58","date_gmt":"2016-01-10T13:35:58","guid":{"rendered":"http:\/\/campanella-champagne.fr\/?page_id=2121"},"modified":"2019-10-02T15:07:08","modified_gmt":"2019-10-02T14:07:08","slug":"au-joli-bois","status":"publish","type":"page","link":"https:\/\/campanella-champagne.fr\/?page_id=2121","title":{"rendered":"Au joli bois"},"content":{"rendered":"<p style=\"text-align: left;\"><strong>Ce talentueux compositeur de la Renaissance, a \u00e9crit beaucoup de musique sacr\u00e9e mais aussi des chansons profanes. Les caract\u00e9ristiques de ces derni\u00e8res\u00a0:<\/strong><br \/>\n<strong> &#8211; phrases aux m\u00e9lodies bien dessin\u00e9es et au rythme vari\u00e9<\/strong><br \/>\n<strong> &#8211; \u00e9criture quasi syllabique<\/strong><br \/>\n<strong> &#8211; figuration discr\u00e8te<\/strong><br \/>\n<strong> \u00abAu joli bois\u00bb&#8230; qui abrite les amours perdues et leur lot de souffrance, de tristesse.<\/strong><\/p>\n<p style=\"text-align: right;\"><strong><a href=\"https:\/\/campanella-champagne.fr\/?page_id=3512\">Retour \u00e0 la liste<\/a><\/strong><\/p>\n","protected":false},"excerpt":{"rendered":"<p>Ce talentueux compositeur de la Renaissance, a \u00e9crit beaucoup de musique sacr\u00e9e mais aussi des chansons profanes. Les caract\u00e9ristiques de ces derni\u00e8res\u00a0: &#8211; phrases aux m\u00e9lodies bien dessin\u00e9es et au [&hellip;]<\/p>\n","protected":false},"author":1,"featured_media":0,"parent":0,"menu_order":0,"comment_status":"closed","ping_status":"closed","template":"","meta":{"footnotes":""},"class_list":["post-2121","page","type-page","status-publish","czr-hentry"],"_links":{"self":[{"href":"https:\/\/campanella-champagne.fr\/index.php?rest_route=\/wp\/v2\/pages\/2121","targetHints":{"allow":["GET"]}}],"collection":[{"href":"https:\/\/campanella-champagne.fr\/index.php?rest_route=\/wp\/v2\/pages"}],"about":[{"href":"https:\/\/campanella-champagne.fr\/index.php?rest_route=\/wp\/v2\/types\/page"}],"author":[{"embeddable":true,"href":"https:\/\/campanella-champagne.fr\/index.php?rest_route=\/wp\/v2\/users\/1"}],"replies":[{"embeddable":true,"href":"https:\/\/campanella-champagne.fr\/index.php?rest_route=%2Fwp%2Fv2%2Fcomments&post=2121"}],"version-history":[{"count":5,"href":"https:\/\/campanella-champagne.fr\/index.php?rest_route=\/wp\/v2\/pages\/2121\/revisions"}],"predecessor-version":[{"id":5359,"href":"https:\/\/campanella-champagne.fr\/index.php?rest_route=\/wp\/v2\/pages\/2121\/revisions\/5359"}],"wp:attachment":[{"href":"https:\/\/campanella-champagne.fr\/index.php?rest_route=%2Fwp%2Fv2%2Fmedia&parent=2121"}],"curies":[{"name":"wp","href":"https:\/\/api.w.org\/{rel}","templated":true}]}}