{"id":19,"date":"2015-03-28T10:37:30","date_gmt":"2015-03-28T09:37:30","guid":{"rendered":"http:\/\/campanella-champagne.fr\/?page_id=19"},"modified":"2025-04-06T09:19:33","modified_gmt":"2025-04-06T08:19:33","slug":"contact","status":"publish","type":"page","link":"https:\/\/campanella-champagne.fr\/?page_id=19","title":{"rendered":"Contact"},"content":{"rendered":"<p><strong>R\u00e9p\u00e9titions<\/strong> : Tous les mardi de 20h30 \u00e0 22H30<br \/>\n<a href=\"https:\/\/www.google.fr\/maps\/place\/2+Rue+Simone+Balay,+69410+Champagne-au-Mont-d%27Or\/@45.7960904,4.7892615,17z\/data=!3m1!4b1!4m2!3m1!1s0x47f4eca8f7f57fd7:0xfa2ebb3ac1463fcd?hl=fr\">Salle des Campanelles 2 rue Simone Bala\u00ff Champagne au Mont d&rsquo;Or<\/a><\/p>\n<p><strong>Contacts<\/strong> :<br \/>\nPr\u00e9sident : <a href=\"mailto:president@campanella-champagne.fr\">president@campanella-champagne.fr<\/a><br \/>\nChef de ch\u0153ur : <a href=\"mailto:chefdechoeur@campanella-champagne.fr\">chefdechoeur@campanella-champagne.fr<\/a><br \/>\nWebmaster : <a href=\"http:\/\/webmaster@campanella-champagne.fr\">webmaster@campanella-champagne.fr<\/a><\/p>\n<p><strong><a href=\"https:\/\/www.mairiedechampagne.fr\/\">Commune de Champagne au Mont d&rsquo;Or<\/a><br \/>\n<\/strong><\/p>\n","protected":false},"excerpt":{"rendered":"<p>R\u00e9p\u00e9titions : Tous les mardi de 20h30 \u00e0 22H30 Salle des Campanelles 2 rue Simone Bala\u00ff Champagne au Mont d&rsquo;Or Contacts : Pr\u00e9sident : president@campanella-champagne.fr Chef de ch\u0153ur : chefdechoeur@campanella-champagne.fr [&hellip;]<\/p>\n","protected":false},"author":1,"featured_media":344,"parent":0,"menu_order":0,"comment_status":"open","ping_status":"open","template":"","meta":{"footnotes":""},"class_list":["post-19","page","type-page","status-publish","has-post-thumbnail","czr-hentry"],"_links":{"self":[{"href":"https:\/\/campanella-champagne.fr\/index.php?rest_route=\/wp\/v2\/pages\/19","targetHints":{"allow":["GET"]}}],"collection":[{"href":"https:\/\/campanella-champagne.fr\/index.php?rest_route=\/wp\/v2\/pages"}],"about":[{"href":"https:\/\/campanella-champagne.fr\/index.php?rest_route=\/wp\/v2\/types\/page"}],"author":[{"embeddable":true,"href":"https:\/\/campanella-champagne.fr\/index.php?rest_route=\/wp\/v2\/users\/1"}],"replies":[{"embeddable":true,"href":"https:\/\/campanella-champagne.fr\/index.php?rest_route=%2Fwp%2Fv2%2Fcomments&post=19"}],"version-history":[{"count":20,"href":"https:\/\/campanella-champagne.fr\/index.php?rest_route=\/wp\/v2\/pages\/19\/revisions"}],"predecessor-version":[{"id":8530,"href":"https:\/\/campanella-champagne.fr\/index.php?rest_route=\/wp\/v2\/pages\/19\/revisions\/8530"}],"wp:featuredmedia":[{"embeddable":true,"href":"https:\/\/campanella-champagne.fr\/index.php?rest_route=\/wp\/v2\/media\/344"}],"wp:attachment":[{"href":"https:\/\/campanella-champagne.fr\/index.php?rest_route=%2Fwp%2Fv2%2Fmedia&parent=19"}],"curies":[{"name":"wp","href":"https:\/\/api.w.org\/{rel}","templated":true}]}}