{"id":1351,"date":"2015-08-18T16:20:42","date_gmt":"2015-08-18T15:20:42","guid":{"rendered":"http:\/\/campanella-champagne.fr\/?page_id=1351"},"modified":"2019-10-12T17:41:15","modified_gmt":"2019-10-12T16:41:15","slug":"lalbatros","status":"publish","type":"page","link":"https:\/\/campanella-champagne.fr\/?page_id=1351","title":{"rendered":"L&rsquo;Albatros"},"content":{"rendered":"<p><strong>Cet oiseau consid\u00e9r\u00e9 par les marins de l&rsquo;\u00e9poque (1859) comme malfaisant, \u00e9tait cruellement utilis\u00e9 pour la confection d&rsquo;objets divers. Il repr\u00e9sente ici, \u00ab\u00a0la dualit\u00e9 de l&rsquo;homme\u00a0\u00bb clou\u00e9 au sol alors qu&rsquo;il n&rsquo;aspire qu&rsquo;\u00e0 s&rsquo;envoler vers l&rsquo;infini. Il repr\u00e9sente surtout le po\u00e8te incompris et malheureux.<\/strong><\/p>\n<p style=\"text-align: right;\"><a href=\"https:\/\/campanella-champagne.fr\/?page_id=3512\"><strong>Retour \u00e0 la liste<\/strong><\/a><\/p>\n","protected":false},"excerpt":{"rendered":"<p>Cet oiseau consid\u00e9r\u00e9 par les marins de l&rsquo;\u00e9poque (1859) comme malfaisant, \u00e9tait cruellement utilis\u00e9 pour la confection d&rsquo;objets divers. Il repr\u00e9sente ici, \u00ab\u00a0la dualit\u00e9 de l&rsquo;homme\u00a0\u00bb clou\u00e9 au sol alors [&hellip;]<\/p>\n","protected":false},"author":5,"featured_media":0,"parent":0,"menu_order":0,"comment_status":"closed","ping_status":"closed","template":"","meta":{"footnotes":""},"class_list":["post-1351","page","type-page","status-publish","czr-hentry"],"_links":{"self":[{"href":"https:\/\/campanella-champagne.fr\/index.php?rest_route=\/wp\/v2\/pages\/1351","targetHints":{"allow":["GET"]}}],"collection":[{"href":"https:\/\/campanella-champagne.fr\/index.php?rest_route=\/wp\/v2\/pages"}],"about":[{"href":"https:\/\/campanella-champagne.fr\/index.php?rest_route=\/wp\/v2\/types\/page"}],"author":[{"embeddable":true,"href":"https:\/\/campanella-champagne.fr\/index.php?rest_route=\/wp\/v2\/users\/5"}],"replies":[{"embeddable":true,"href":"https:\/\/campanella-champagne.fr\/index.php?rest_route=%2Fwp%2Fv2%2Fcomments&post=1351"}],"version-history":[{"count":3,"href":"https:\/\/campanella-champagne.fr\/index.php?rest_route=\/wp\/v2\/pages\/1351\/revisions"}],"predecessor-version":[{"id":5522,"href":"https:\/\/campanella-champagne.fr\/index.php?rest_route=\/wp\/v2\/pages\/1351\/revisions\/5522"}],"wp:attachment":[{"href":"https:\/\/campanella-champagne.fr\/index.php?rest_route=%2Fwp%2Fv2%2Fmedia&parent=1351"}],"curies":[{"name":"wp","href":"https:\/\/api.w.org\/{rel}","templated":true}]}}