{"id":1346,"date":"2015-08-18T16:14:31","date_gmt":"2015-08-18T15:14:31","guid":{"rendered":"http:\/\/campanella-champagne.fr\/?page_id=1346"},"modified":"2019-10-11T17:46:30","modified_gmt":"2019-10-11T16:46:30","slug":"heureux","status":"publish","type":"page","link":"https:\/\/campanella-champagne.fr\/?page_id=1346","title":{"rendered":"Heureux"},"content":{"rendered":"<p><strong>\u00ab\u00a0Heureux\u00a0\u00bb est une des premi\u00e8res chansons de Brel. C&rsquo;est un hymne \u00e0 l&rsquo;amour pour son enfant n\u00e9 de l&rsquo;amour, pour la personne rencontr\u00e9e et qui vous fait vibrer,rire, sangloter.C&rsquo;est une belle vision du bonheur, tout en sensibilit\u00e9, entre douceur et violence contenue. Aimer \u00e0 en pleurer, \u00e0 en mourir&#8230;<\/strong><\/p>\n<p style=\"text-align: right;\"><a href=\"https:\/\/campanella-champagne.fr\/?page_id=3512\"><strong>Retour \u00e0 la liste<\/strong><\/a><\/p>\n<p>&nbsp;<\/p>\n","protected":false},"excerpt":{"rendered":"<p>\u00ab\u00a0Heureux\u00a0\u00bb est une des premi\u00e8res chansons de Brel. C&rsquo;est un hymne \u00e0 l&rsquo;amour pour son enfant n\u00e9 de l&rsquo;amour, pour la personne rencontr\u00e9e et qui vous fait vibrer,rire, sangloter.C&rsquo;est une [&hellip;]<\/p>\n","protected":false},"author":5,"featured_media":0,"parent":0,"menu_order":0,"comment_status":"closed","ping_status":"closed","template":"","meta":{"footnotes":""},"class_list":["post-1346","page","type-page","status-publish","czr-hentry"],"_links":{"self":[{"href":"https:\/\/campanella-champagne.fr\/index.php?rest_route=\/wp\/v2\/pages\/1346","targetHints":{"allow":["GET"]}}],"collection":[{"href":"https:\/\/campanella-champagne.fr\/index.php?rest_route=\/wp\/v2\/pages"}],"about":[{"href":"https:\/\/campanella-champagne.fr\/index.php?rest_route=\/wp\/v2\/types\/page"}],"author":[{"embeddable":true,"href":"https:\/\/campanella-champagne.fr\/index.php?rest_route=\/wp\/v2\/users\/5"}],"replies":[{"embeddable":true,"href":"https:\/\/campanella-champagne.fr\/index.php?rest_route=%2Fwp%2Fv2%2Fcomments&post=1346"}],"version-history":[{"count":3,"href":"https:\/\/campanella-champagne.fr\/index.php?rest_route=\/wp\/v2\/pages\/1346\/revisions"}],"predecessor-version":[{"id":5515,"href":"https:\/\/campanella-champagne.fr\/index.php?rest_route=\/wp\/v2\/pages\/1346\/revisions\/5515"}],"wp:attachment":[{"href":"https:\/\/campanella-champagne.fr\/index.php?rest_route=%2Fwp%2Fv2%2Fmedia&parent=1346"}],"curies":[{"name":"wp","href":"https:\/\/api.w.org\/{rel}","templated":true}]}}