{"id":1305,"date":"2015-08-12T17:14:48","date_gmt":"2015-08-12T16:14:48","guid":{"rendered":"http:\/\/campanella-champagne.fr\/?page_id=1305"},"modified":"2019-10-04T16:42:41","modified_gmt":"2019-10-04T15:42:41","slug":"ay-linda","status":"publish","type":"page","link":"https:\/\/campanella-champagne.fr\/?page_id=1305","title":{"rendered":"Ay Linda"},"content":{"rendered":"<p><strong>Ce chant populaire date probablement du 16e si\u00e8cle. Cet air du folklore espagnol est construit sur un rythme proche de la pavane: caract\u00e8re lent et solennel.<\/strong><\/p>\n<p style=\"padding-left: 90px;\"><strong>Ma ch\u00e8re amie, tu es si loin,<\/strong><br \/>\n<strong> sans ton amour, quel chagrin\u00a0!<\/strong><\/p>\n<p><strong>Amour, peine, tourment\u00a0: tous ces \u00e9tats s&rsquo;entrem\u00ealent quand on prend le risque d&rsquo;aimer.<\/strong><\/p>\n<p style=\"text-align: right;\"><a href=\"https:\/\/campanella-champagne.fr\/?page_id=3512\"><strong>Retour \u00e0 la liste<\/strong><\/a><\/p>\n","protected":false},"excerpt":{"rendered":"<p>Ce chant populaire date probablement du 16e si\u00e8cle. Cet air du folklore espagnol est construit sur un rythme proche de la pavane: caract\u00e8re lent et solennel. Ma ch\u00e8re amie, tu [&hellip;]<\/p>\n","protected":false},"author":5,"featured_media":0,"parent":0,"menu_order":0,"comment_status":"closed","ping_status":"closed","template":"","meta":{"footnotes":""},"class_list":["post-1305","page","type-page","status-publish","czr-hentry"],"_links":{"self":[{"href":"https:\/\/campanella-champagne.fr\/index.php?rest_route=\/wp\/v2\/pages\/1305","targetHints":{"allow":["GET"]}}],"collection":[{"href":"https:\/\/campanella-champagne.fr\/index.php?rest_route=\/wp\/v2\/pages"}],"about":[{"href":"https:\/\/campanella-champagne.fr\/index.php?rest_route=\/wp\/v2\/types\/page"}],"author":[{"embeddable":true,"href":"https:\/\/campanella-champagne.fr\/index.php?rest_route=\/wp\/v2\/users\/5"}],"replies":[{"embeddable":true,"href":"https:\/\/campanella-champagne.fr\/index.php?rest_route=%2Fwp%2Fv2%2Fcomments&post=1305"}],"version-history":[{"count":5,"href":"https:\/\/campanella-champagne.fr\/index.php?rest_route=\/wp\/v2\/pages\/1305\/revisions"}],"predecessor-version":[{"id":5436,"href":"https:\/\/campanella-champagne.fr\/index.php?rest_route=\/wp\/v2\/pages\/1305\/revisions\/5436"}],"wp:attachment":[{"href":"https:\/\/campanella-champagne.fr\/index.php?rest_route=%2Fwp%2Fv2%2Fmedia&parent=1305"}],"curies":[{"name":"wp","href":"https:\/\/api.w.org\/{rel}","templated":true}]}}