{"id":1282,"date":"2015-08-12T16:18:54","date_gmt":"2015-08-12T15:18:54","guid":{"rendered":"http:\/\/campanella-champagne.fr\/?page_id=1282"},"modified":"2019-10-04T16:19:09","modified_gmt":"2019-10-04T15:19:09","slug":"au-nom-des-enfants","status":"publish","type":"page","link":"https:\/\/campanella-champagne.fr\/?page_id=1282","title":{"rendered":"Au nom des enfants"},"content":{"rendered":"<p><strong>Ce texte, harmonis\u00e9 par Bernard Lallement, a \u00e9t\u00e9 compos\u00e9 par une classe d&rsquo;enfants du primaire sur la musique de La Symphonie du Nouveau Monde de DVORAK. Les atrocit\u00e9s de la guerre ont \u00e9t\u00e9 et sont continuellement d\u00e9nonc\u00e9es mais l&rsquo;horreur n&rsquo;a pas de fin, ni de fronti\u00e8re. \u00ab\u00a0Arr\u00eatez cette guerre au nom des enfants\u00a0\u00bb.<\/strong><\/p>\n<p style=\"text-align: right;\"><a href=\"https:\/\/campanella-champagne.fr\/?page_id=3512\"><strong>Retour \u00e0 la liste<\/strong><\/a><\/p>\n","protected":false},"excerpt":{"rendered":"<p>Ce texte, harmonis\u00e9 par Bernard Lallement, a \u00e9t\u00e9 compos\u00e9 par une classe d&rsquo;enfants du primaire sur la musique de La Symphonie du Nouveau Monde de DVORAK. Les atrocit\u00e9s de la [&hellip;]<\/p>\n","protected":false},"author":5,"featured_media":0,"parent":0,"menu_order":0,"comment_status":"closed","ping_status":"closed","template":"","meta":{"footnotes":""},"class_list":["post-1282","page","type-page","status-publish","czr-hentry"],"_links":{"self":[{"href":"https:\/\/campanella-champagne.fr\/index.php?rest_route=\/wp\/v2\/pages\/1282","targetHints":{"allow":["GET"]}}],"collection":[{"href":"https:\/\/campanella-champagne.fr\/index.php?rest_route=\/wp\/v2\/pages"}],"about":[{"href":"https:\/\/campanella-champagne.fr\/index.php?rest_route=\/wp\/v2\/types\/page"}],"author":[{"embeddable":true,"href":"https:\/\/campanella-champagne.fr\/index.php?rest_route=\/wp\/v2\/users\/5"}],"replies":[{"embeddable":true,"href":"https:\/\/campanella-champagne.fr\/index.php?rest_route=%2Fwp%2Fv2%2Fcomments&post=1282"}],"version-history":[{"count":5,"href":"https:\/\/campanella-champagne.fr\/index.php?rest_route=\/wp\/v2\/pages\/1282\/revisions"}],"predecessor-version":[{"id":5431,"href":"https:\/\/campanella-champagne.fr\/index.php?rest_route=\/wp\/v2\/pages\/1282\/revisions\/5431"}],"wp:attachment":[{"href":"https:\/\/campanella-champagne.fr\/index.php?rest_route=%2Fwp%2Fv2%2Fmedia&parent=1282"}],"curies":[{"name":"wp","href":"https:\/\/api.w.org\/{rel}","templated":true}]}}