{"id":1066,"date":"2015-07-26T18:47:11","date_gmt":"2015-07-26T17:47:11","guid":{"rendered":"http:\/\/campanella-champagne.fr\/?page_id=1066"},"modified":"2024-11-27T11:35:00","modified_gmt":"2024-11-27T10:35:00","slug":"ecoutez-nous","status":"publish","type":"page","link":"https:\/\/campanella-champagne.fr\/?page_id=1066","title":{"rendered":"\u00c9coutez-nous !"},"content":{"rendered":"<h3><span style=\"color: #ff0000;\"><strong>Pour \u00e9couter des extraits de nos concerts, cliquez sur les textes en bleu.<\/strong><\/span><\/h3>\n<p><strong>Concert du 24 novembre 2024 \u00e0 Beaucaire<br \/>\n<\/strong><a href=\"https:\/\/campanella-champagne.fr\/wp-content\/uploads\/2024\/11\/VID-20241126-WA0000.mp4\">Barcarolle<\/a><br \/>\n<a href=\"https:\/\/campanella-champagne.fr\/wp-content\/uploads\/2024\/11\/VID-20241126-WA0001.mp4\">Laudate Dominum<\/a><\/p>\n<p><a href=\"https:\/\/campanella-champagne.fr\/?page_id=6961\"><span style=\"color: #800080;\"><strong>Concert du 22 mai 2022 \u00e0 l&rsquo;\u00e9glise de Champagne au Mont d&rsquo;Or<\/strong><\/span><\/a><\/p>\n<p><span style=\"color: #993300;\"><strong>Extraits du concert du 3 d\u00e9cembre 2016 \u00e0 l&rsquo;\u00e9glise de Champagne au Mont d&rsquo;Or :<br \/>\n<\/strong><\/span><a href=\"https:\/\/youtu.be\/ZWblFCVOIfo\"><strong>Bacchus et Gambrinus, <\/strong><\/a><strong>de Praetorius<\/strong><a href=\"https:\/\/youtu.be\/ZWblFCVOIfo\"><strong><br \/>\n<\/strong><\/a><a href=\"https:\/\/youtu.be\/7o-1Ap3F99Y\"><strong>Tabort\u00fcznel<\/strong>, <\/a><strong>Chant populaire de Hongrie<\/strong><a href=\"https:\/\/youtu.be\/7o-1Ap3F99Y\"><br \/>\n<\/a><strong><a href=\"https:\/\/www.youtube.com\/watch?v=1mqoVpDl3zE\">Gaudeamus, <\/a>Canon<a href=\"https:\/\/youtu.be\/7o-1Ap3F99Y\"><br \/>\n<\/a><a href=\"https:\/\/youtu.be\/ND-mILEleUs\">Santa Maria, strela do dia,\u00a0 <\/a>Cantiga 100<a href=\"https:\/\/youtu.be\/7o-1Ap3F99Y\"><br \/>\n<\/a><a href=\"https:\/\/youtu.be\/IPKZIAoW-p8\" target=\"_blank\" rel=\"noopener\">In Monte Oliveti, <\/a>Franz Schubert<a href=\"https:\/\/youtu.be\/7o-1Ap3F99Y\"><br \/>\n<\/a><a href=\"https:\/\/youtu.be\/CcGRuK3Ilos\" target=\"_blank\" rel=\"noopener\">Sala Sambila<\/a><a href=\"https:\/\/youtu.be\/7o-1Ap3F99Y\">, <\/a>de D. Cobbo<a href=\"https:\/\/youtu.be\/r0-5C0ImOFo\" target=\"_blank\" rel=\"noopener\"><br \/>\nTollite hostias, <\/a>de Camille Saint-Saens<\/strong><\/p>\n<p><span style=\"color: #993300;\"><strong>Extraits du concert du 20 novembre 2015 \u00e0 l&rsquo;\u00e9glise de Champagne au Mont d&rsquo;Or :<br \/>\n<span style=\"color: #000000;\"><a href=\"https:\/\/youtu.be\/smsmxfVqbc4\">Le corbeau et le renard<\/a><br \/>\n<a href=\"https:\/\/youtu.be\/d7idCiw0xl8\">Le pont Mirabeau<\/a>, po\u00e8me de Guillaume Apollinaire mis en musique par Lionel Daunais.<br \/>\n<a href=\"https:\/\/youtu.be\/f4y6oEdgXC0\">Sumite Psalmum<\/a>, de Heinrich Sch\u00fctz.<br \/>\n<a href=\"https:\/\/youtu.be\/ywzsFZgmRhI\">Danses de Bourgogne<\/a>.<br \/>\n<a href=\"https:\/\/youtu.be\/x_fd4J6fi_g\">Jubilemus Exultemus<\/a>, de Fran\u00e7ois Couperin.<br \/>\n<a href=\"https:\/\/youtu.be\/jdcX3-ta1TU\">Ave Maria<\/a>, de Giulio Caccini (avec la chorale Pleins Jeux).<br \/>\n<a href=\"https:\/\/youtu.be\/45iFVt92CwY\">Milost Mira<\/a>, de Piotr Tcha\u00efkovski (avec la chorale Pleins Jeux).<\/span><\/strong><\/span><br \/>\n<strong><span style=\"color: #993300;\"><br \/>\n<\/span><\/strong><\/p>\n<p><strong><span style=\"color: #993300;\">Extraits du concert du 17 mai 2014 \u00e0 l&rsquo;\u00e9glise de Champagne au Mont d&rsquo;Or :<br \/>\n<\/span><a href=\"https:\/\/www.youtube.com\/watch?v=ZLacQ0G89WM\">O vos omnes <\/a>R\u00e9pons 5 du Samedi Saint, de Tomas Luis de VICTORIA (1548-1611).<a href=\"https:\/\/www.youtube.com\/watch?v=ZLacQ0G89WM\"><br \/>\n<\/a><a href=\"https:\/\/www.youtube.com\/watch?v=XUvNf1UqwGo\">Tece voda tece<\/a> Chant traditionnel tch\u00e8que.<\/strong><br \/>\n<strong><a href=\"https:\/\/www.youtube.com\/watch?v=x7fb9vJDnAw\">Au nom des enfants<\/a> Musique de Antonin DVORJAK, Harmpnisation de Bernard LALLEMENT.<a href=\"https:\/\/www.youtube.com\/watch?v=x7fb9vJDnAw\"><br \/>\n<\/a><a href=\"https:\/\/www.youtube.com\/watch?v=kGypxDdq9cg\">Va pensiero <\/a>Ch\u0153ur des esclaves h\u00e9breux (extrait de Nabucco)<a href=\"https:\/\/www.youtube.com\/watch?v=kGypxDdq9cg\"><br \/>\n<\/a><a href=\"https:\/\/youtu.be\/uAWxzC8gFqE\">Fuentecilla que corres<\/a> Chanson populaire d&rsquo;Andalousie<a href=\"https:\/\/www.youtube.com\/watch?v=kGypxDdq9cg\"><br \/>\n<\/a><a href=\"https:\/\/youtu.be\/jS7S7OPYn3Y\">Magnificat de Buxtehude<\/a><\/strong><\/p>\n<p><span style=\"color: #993300;\"><strong>Extraits du concert de mars 2012 \u00e0 l\u2019abbaye d\u2019Ainay :<\/strong><\/span><\/p>\n<p><a href=\"https:\/\/youtu.be\/wQJ7KtX_Qow\" target=\"_blank\" rel=\"noopener\"><strong>Stabat Mater de Caldara<\/strong><\/a><strong> (1\u00b0 partie) avec la chorale <a href=\"http:\/\/acj-pleinsjeux.com\/\">Pleins Jeux<\/a>.<\/strong><br \/>\n<strong><a href=\"https:\/\/youtu.be\/Vfg9JoslbTw\">Alta Trinita <\/a>Auteur anonyme (XV\u00b0 si\u00e8cle, Italie)<\/strong><\/p>\n","protected":false},"excerpt":{"rendered":"<p>Pour \u00e9couter des extraits de nos concerts, cliquez sur les textes en bleu. Concert du 24 novembre 2024 \u00e0 Beaucaire Barcarolle Laudate Dominum Concert du 22 mai 2022 \u00e0 l&rsquo;\u00e9glise [&hellip;]<\/p>\n","protected":false},"author":4,"featured_media":0,"parent":0,"menu_order":0,"comment_status":"closed","ping_status":"closed","template":"","meta":{"footnotes":""},"class_list":["post-1066","page","type-page","status-publish","czr-hentry"],"_links":{"self":[{"href":"https:\/\/campanella-champagne.fr\/index.php?rest_route=\/wp\/v2\/pages\/1066","targetHints":{"allow":["GET"]}}],"collection":[{"href":"https:\/\/campanella-champagne.fr\/index.php?rest_route=\/wp\/v2\/pages"}],"about":[{"href":"https:\/\/campanella-champagne.fr\/index.php?rest_route=\/wp\/v2\/types\/page"}],"author":[{"embeddable":true,"href":"https:\/\/campanella-champagne.fr\/index.php?rest_route=\/wp\/v2\/users\/4"}],"replies":[{"embeddable":true,"href":"https:\/\/campanella-champagne.fr\/index.php?rest_route=%2Fwp%2Fv2%2Fcomments&post=1066"}],"version-history":[{"count":44,"href":"https:\/\/campanella-champagne.fr\/index.php?rest_route=\/wp\/v2\/pages\/1066\/revisions"}],"predecessor-version":[{"id":8874,"href":"https:\/\/campanella-champagne.fr\/index.php?rest_route=\/wp\/v2\/pages\/1066\/revisions\/8874"}],"wp:attachment":[{"href":"https:\/\/campanella-champagne.fr\/index.php?rest_route=%2Fwp%2Fv2%2Fmedia&parent=1066"}],"curies":[{"name":"wp","href":"https:\/\/api.w.org\/{rel}","templated":true}]}}