{"id":1045,"date":"2015-07-01T14:29:11","date_gmt":"2015-07-01T13:29:11","guid":{"rendered":"http:\/\/campanella-champagne.fr\/?page_id=1045"},"modified":"2019-10-04T16:39:52","modified_gmt":"2019-10-04T15:39:52","slug":"ave-maria","status":"publish","type":"page","link":"https:\/\/campanella-champagne.fr\/?page_id=1045","title":{"rendered":"Ave Maria"},"content":{"rendered":"<h4>L&rsquo;Ave Maria de Caccini serait un pastiche compos\u00e9 par Vladimir Vavilov en 1973. L&rsquo;attribution \u00e0 Caccini(1551-1618) est plut\u00f4t \u00e9tonnante, vu le style du compositeur et celui de son \u00e9poque. Cette pi\u00e8ce musicale devrait donc s&rsquo;intituler AVE MARIA dit de CACCINI par V.VAVILOV. Beaucoup de grandes voix l&rsquo;ont reprise, c&rsquo;est une tr\u00e8s belle pi\u00e8ce.<\/h4>\n<p style=\"text-align: right;\"><a href=\"https:\/\/campanella-champagne.fr\/?page_id=3512\"><strong>Retour \u00e0 la liste<\/strong><\/a><\/p>\n","protected":false},"excerpt":{"rendered":"<p>L&rsquo;Ave Maria de Caccini serait un pastiche compos\u00e9 par Vladimir Vavilov en 1973. L&rsquo;attribution \u00e0 Caccini(1551-1618) est plut\u00f4t \u00e9tonnante, vu le style du compositeur et celui de son \u00e9poque. Cette [&hellip;]<\/p>\n","protected":false},"author":5,"featured_media":0,"parent":0,"menu_order":0,"comment_status":"closed","ping_status":"closed","template":"","meta":{"footnotes":""},"class_list":["post-1045","page","type-page","status-publish","czr-hentry"],"_links":{"self":[{"href":"https:\/\/campanella-champagne.fr\/index.php?rest_route=\/wp\/v2\/pages\/1045","targetHints":{"allow":["GET"]}}],"collection":[{"href":"https:\/\/campanella-champagne.fr\/index.php?rest_route=\/wp\/v2\/pages"}],"about":[{"href":"https:\/\/campanella-champagne.fr\/index.php?rest_route=\/wp\/v2\/types\/page"}],"author":[{"embeddable":true,"href":"https:\/\/campanella-champagne.fr\/index.php?rest_route=\/wp\/v2\/users\/5"}],"replies":[{"embeddable":true,"href":"https:\/\/campanella-champagne.fr\/index.php?rest_route=%2Fwp%2Fv2%2Fcomments&post=1045"}],"version-history":[{"count":4,"href":"https:\/\/campanella-champagne.fr\/index.php?rest_route=\/wp\/v2\/pages\/1045\/revisions"}],"predecessor-version":[{"id":5433,"href":"https:\/\/campanella-champagne.fr\/index.php?rest_route=\/wp\/v2\/pages\/1045\/revisions\/5433"}],"wp:attachment":[{"href":"https:\/\/campanella-champagne.fr\/index.php?rest_route=%2Fwp%2Fv2%2Fmedia&parent=1045"}],"curies":[{"name":"wp","href":"https:\/\/api.w.org\/{rel}","templated":true}]}}